{"id":3891,"date":"2026-04-13T13:30:14","date_gmt":"2026-04-13T13:30:14","guid":{"rendered":"https:\/\/plazatorossevilla.com\/producto\/novilhada-17-de-maio\/"},"modified":"2026-04-13T13:30:14","modified_gmt":"2026-04-13T13:30:14","slug":"novilhada-17-de-maio","status":"publish","type":"product","link":"https:\/\/plazatorossevilla.com\/pt-pt\/producto\/novilhada-17-de-maio\/","title":{"rendered":"Novilhada 17 de maio"},"content":{"rendered":"<p>Compre os seus bilhetes para a corrida de touros de 17 de maio em Sevilha, a feira taurina mais singular do ano na Pra\u00e7a de Touros La Maestranza.<\/p>\n<p>\ud83d\udcc5 Data: 17 de maio de 2026<br \/>\n\ud83d\udd55 Hora: 19:00<br \/>\n\ud83d\udccd Local: <span>P.\u00ba de Crist\u00f3bal Col\u00f3n, 12, Casco Antiguo, 41001 Sevilha<\/span><br \/>\n\u23f1 Dura\u00e7\u00e3o aproximada: 2 a 2,5 horas<\/p>\n<p>Uceda Vargas, Gonzalo Capdevila e Mariscal Ruiz<\/p>\n","protected":false},"excerpt":{"rendered":"<h3 class=\"text-text-100 mt-2 -mb-1 text-base font-bold\"><img decoding=\"async\" class=\"emoji\" role=\"img\" draggable=\"false\" src=\"https:\/\/s.w.org\/images\/core\/emoji\/17.0.2\/svg\/2139.svg\" alt=\"\u2139\ufe0f\"><span> <\/span>Informa\u00e7\u00e3o importante sobre a sua compra<\/h3>\n<ul class=\"[li_&amp;]:mb-0 [li_&amp;]:mt-1 [li_&amp;]:gap-1 [&amp;:not(:last-child)_ul]:pb-1 [&amp;:not(:last-child)_ol]:pb-1 list-disc flex flex-col gap-1 pl-8 mb-3\">\n<li class=\"whitespace-normal break-words pl-2\"><strong>Reserva n\u00e3o numerada:<\/strong><span> <\/span>ao comprar, est\u00e1 a efetuar uma reserva de bilhete. Assim que forem emitidos os bilhetes oficiais, ser-lhe-\u00e3o atribu\u00eddos os melhores lugares dispon\u00edveis na zona escolhida. <\/li>\n<li class=\"whitespace-normal break-words pl-2\"><strong>Lugares consecutivos:<\/strong><span> <\/span>se comprar v\u00e1rios bilhetes, os lugares atribu\u00eddos ser\u00e3o sempre cont\u00edguos.<\/li>\n<li class=\"whitespace-normal break-words pl-2\"><strong>Entrega:<\/strong><span> <\/span>receber\u00e1 os seus bilhetes em formato PDF por e-mail alguns dias antes do evento.<\/li>\n<li class=\"whitespace-normal break-words pl-2\"><strong>Taxas de gest\u00e3o:<\/strong><span> <\/span>s\u00e3o adicionadas no processo de pagamento. Consulte as comiss\u00f5es em vigor. <\/li>\n<li class=\"whitespace-normal break-words pl-2\"><strong>N\u00e3o reembols\u00e1vel:<\/strong><span> <\/span>os bilhetes n\u00e3o permitem altera\u00e7\u00f5es nem devolu\u00e7\u00f5es, salvo cancelamento oficial do evento.<\/li>\n<\/ul>\n<div class=\"woocommerce-product-details__short-description\">\n<p><a href=\"https:\/\/plazatorossevilla.com\/pt-pt\/entrega-e-comissoes-dos-bilhetes\/\">Consulte a data de entrega dos bilhetes e as comiss\u00f5es<\/a><\/p>\n<\/div>\n","protected":false},"featured_media":3892,"comment_status":"open","ping_status":"closed","template":"","meta":[],"product_brand":[],"product_cat":[130],"product_tag":[],"class_list":{"0":"post-3891","1":"product","2":"type-product","3":"status-publish","4":"has-post-thumbnail","6":"product_cat-feira-de-abril","8":"first","9":"instock","10":"taxable","11":"shipping-taxable","12":"purchasable","13":"product-type-variable"},"yoast_head":"<!-- This site is optimized with the Yoast SEO plugin v27.4 - https:\/\/yoast.com\/product\/yoast-seo-wordpress\/ -->\n<title>Bilhetes Novilhada 17 de maio de 2026 | La Maestranza Sevilha<\/title>\n<meta name=\"description\" content=\"Compre bilhetes para a Novilhada de 17 de maio de 2026 na pra\u00e7a de touros de Sevilha | Uceda Vargas, Gonzalo Capdevila e Mariscal Ruiz\" \/>\n<meta name=\"robots\" content=\"index, follow, max-snippet:-1, max-image-preview:large, max-video-preview:-1\" \/>\n<link rel=\"canonical\" href=\"https:\/\/plazatorossevilla.com\/pt-pt\/producto\/novilhada-17-de-maio\/\" \/>\n<meta property=\"og:locale\" content=\"pt_PT\" \/>\n<meta property=\"og:type\" content=\"article\" \/>\n<meta property=\"og:title\" content=\"Bilhetes Novilhada 17 de maio de 2026 | La Maestranza Sevilha\" \/>\n<meta property=\"og:description\" content=\"Compre bilhetes para a Novilhada de 17 de maio de 2026 na pra\u00e7a de touros de Sevilha | Uceda Vargas, Gonzalo Capdevila e Mariscal Ruiz\" \/>\n<meta property=\"og:url\" content=\"https:\/\/plazatorossevilla.com\/pt-pt\/producto\/novilhada-17-de-maio\/\" \/>\n<meta property=\"og:site_name\" content=\"Plaza Toros Sevilla\" \/>\n<meta property=\"og:image\" content=\"https:\/\/plazatorossevilla.com\/wp-content\/uploads\/2026\/04\/Novillada-17-de-mayo.webp\" \/>\n\t<meta property=\"og:image:width\" content=\"500\" \/>\n\t<meta property=\"og:image:height\" content=\"500\" \/>\n\t<meta property=\"og:image:type\" content=\"image\/webp\" \/>\n<meta name=\"twitter:card\" content=\"summary_large_image\" \/>\n<script type=\"application\/ld+json\" class=\"yoast-schema-graph\">{\"@context\":\"https:\\\/\\\/schema.org\",\"@graph\":[{\"@type\":\"WebPage\",\"@id\":\"https:\\\/\\\/plazatorossevilla.com\\\/pt-pt\\\/producto\\\/novilhada-17-de-maio\\\/\",\"url\":\"https:\\\/\\\/plazatorossevilla.com\\\/pt-pt\\\/producto\\\/novilhada-17-de-maio\\\/\",\"name\":\"Bilhetes Novilhada 17 de maio de 2026 | La Maestranza Sevilha\",\"isPartOf\":{\"@id\":\"https:\\\/\\\/plazatorossevilla.com\\\/pt-pt\\\/#website\"},\"primaryImageOfPage\":{\"@id\":\"https:\\\/\\\/plazatorossevilla.com\\\/pt-pt\\\/producto\\\/novilhada-17-de-maio\\\/#primaryimage\"},\"image\":{\"@id\":\"https:\\\/\\\/plazatorossevilla.com\\\/pt-pt\\\/producto\\\/novilhada-17-de-maio\\\/#primaryimage\"},\"thumbnailUrl\":\"https:\\\/\\\/plazatorossevilla.com\\\/wp-content\\\/uploads\\\/2026\\\/04\\\/Novillada-17-de-mayo.webp\",\"datePublished\":\"2026-04-13T13:30:14+00:00\",\"description\":\"Compre bilhetes para a Novilhada de 17 de maio de 2026 na pra\u00e7a de touros de Sevilha | Uceda Vargas, Gonzalo Capdevila e Mariscal Ruiz\",\"breadcrumb\":{\"@id\":\"https:\\\/\\\/plazatorossevilla.com\\\/pt-pt\\\/producto\\\/novilhada-17-de-maio\\\/#breadcrumb\"},\"inLanguage\":\"pt-PT\",\"potentialAction\":[{\"@type\":\"ReadAction\",\"target\":[\"https:\\\/\\\/plazatorossevilla.com\\\/pt-pt\\\/producto\\\/novilhada-17-de-maio\\\/\"]}]},{\"@type\":\"ImageObject\",\"inLanguage\":\"pt-PT\",\"@id\":\"https:\\\/\\\/plazatorossevilla.com\\\/pt-pt\\\/producto\\\/novilhada-17-de-maio\\\/#primaryimage\",\"url\":\"https:\\\/\\\/plazatorossevilla.com\\\/wp-content\\\/uploads\\\/2026\\\/04\\\/Novillada-17-de-mayo.webp\",\"contentUrl\":\"https:\\\/\\\/plazatorossevilla.com\\\/wp-content\\\/uploads\\\/2026\\\/04\\\/Novillada-17-de-mayo.webp\",\"width\":500,\"height\":500,\"caption\":\"Novilhada 17 de maio Sevilha\"},{\"@type\":\"BreadcrumbList\",\"@id\":\"https:\\\/\\\/plazatorossevilla.com\\\/pt-pt\\\/producto\\\/novilhada-17-de-maio\\\/#breadcrumb\",\"itemListElement\":[{\"@type\":\"ListItem\",\"position\":1,\"name\":\"Portada\",\"item\":\"https:\\\/\\\/plazatorossevilla.com\\\/pt-pt\\\/\"},{\"@type\":\"ListItem\",\"position\":2,\"name\":\"Loja\",\"item\":\"https:\\\/\\\/plazatorossevilla.com\\\/tienda\\\/\"},{\"@type\":\"ListItem\",\"position\":3,\"name\":\"Novilhada 17 de maio\"}]},{\"@type\":\"WebSite\",\"@id\":\"https:\\\/\\\/plazatorossevilla.com\\\/pt-pt\\\/#website\",\"url\":\"https:\\\/\\\/plazatorossevilla.com\\\/pt-pt\\\/\",\"name\":\"Plaza Toros Sevilla\",\"description\":\"Entradas a corridas de toros en Sevilla, Plaza de Toros La Maestranza\",\"publisher\":{\"@id\":\"https:\\\/\\\/plazatorossevilla.com\\\/pt-pt\\\/#organization\"},\"potentialAction\":[{\"@type\":\"SearchAction\",\"target\":{\"@type\":\"EntryPoint\",\"urlTemplate\":\"https:\\\/\\\/plazatorossevilla.com\\\/pt-pt\\\/?s={search_term_string}\"},\"query-input\":{\"@type\":\"PropertyValueSpecification\",\"valueRequired\":true,\"valueName\":\"search_term_string\"}}],\"inLanguage\":\"pt-PT\"},{\"@type\":\"Organization\",\"@id\":\"https:\\\/\\\/plazatorossevilla.com\\\/pt-pt\\\/#organization\",\"name\":\"Plaza Toros Sevilla\",\"url\":\"https:\\\/\\\/plazatorossevilla.com\\\/pt-pt\\\/\",\"logo\":{\"@type\":\"ImageObject\",\"inLanguage\":\"pt-PT\",\"@id\":\"https:\\\/\\\/plazatorossevilla.com\\\/pt-pt\\\/#\\\/schema\\\/logo\\\/image\\\/\",\"url\":\"https:\\\/\\\/plazatorossevilla.com\\\/wp-content\\\/uploads\\\/2026\\\/03\\\/Logo-plaza-toros-sevilla.webp\",\"contentUrl\":\"https:\\\/\\\/plazatorossevilla.com\\\/wp-content\\\/uploads\\\/2026\\\/03\\\/Logo-plaza-toros-sevilla.webp\",\"width\":286,\"height\":200,\"caption\":\"Plaza Toros Sevilla\"},\"image\":{\"@id\":\"https:\\\/\\\/plazatorossevilla.com\\\/pt-pt\\\/#\\\/schema\\\/logo\\\/image\\\/\"}}]}<\/script>\n<!-- \/ Yoast SEO plugin. -->","yoast_head_json":{"title":"Bilhetes Novilhada 17 de maio de 2026 | La Maestranza Sevilha","description":"Compre bilhetes para a Novilhada de 17 de maio de 2026 na pra\u00e7a de touros de Sevilha | Uceda Vargas, Gonzalo Capdevila e Mariscal Ruiz","robots":{"index":"index","follow":"follow","max-snippet":"max-snippet:-1","max-image-preview":"max-image-preview:large","max-video-preview":"max-video-preview:-1"},"canonical":"https:\/\/plazatorossevilla.com\/pt-pt\/producto\/novilhada-17-de-maio\/","og_locale":"pt_PT","og_type":"article","og_title":"Bilhetes Novilhada 17 de maio de 2026 | La Maestranza Sevilha","og_description":"Compre bilhetes para a Novilhada de 17 de maio de 2026 na pra\u00e7a de touros de Sevilha | Uceda Vargas, Gonzalo Capdevila e Mariscal Ruiz","og_url":"https:\/\/plazatorossevilla.com\/pt-pt\/producto\/novilhada-17-de-maio\/","og_site_name":"Plaza Toros Sevilla","og_image":[{"width":500,"height":500,"url":"https:\/\/plazatorossevilla.com\/wp-content\/uploads\/2026\/04\/Novillada-17-de-mayo.webp","type":"image\/webp"}],"twitter_card":"summary_large_image","schema":{"@context":"https:\/\/schema.org","@graph":[{"@type":"WebPage","@id":"https:\/\/plazatorossevilla.com\/pt-pt\/producto\/novilhada-17-de-maio\/","url":"https:\/\/plazatorossevilla.com\/pt-pt\/producto\/novilhada-17-de-maio\/","name":"Bilhetes Novilhada 17 de maio de 2026 | La Maestranza Sevilha","isPartOf":{"@id":"https:\/\/plazatorossevilla.com\/pt-pt\/#website"},"primaryImageOfPage":{"@id":"https:\/\/plazatorossevilla.com\/pt-pt\/producto\/novilhada-17-de-maio\/#primaryimage"},"image":{"@id":"https:\/\/plazatorossevilla.com\/pt-pt\/producto\/novilhada-17-de-maio\/#primaryimage"},"thumbnailUrl":"https:\/\/plazatorossevilla.com\/wp-content\/uploads\/2026\/04\/Novillada-17-de-mayo.webp","datePublished":"2026-04-13T13:30:14+00:00","description":"Compre bilhetes para a Novilhada de 17 de maio de 2026 na pra\u00e7a de touros de Sevilha | Uceda Vargas, Gonzalo Capdevila e Mariscal Ruiz","breadcrumb":{"@id":"https:\/\/plazatorossevilla.com\/pt-pt\/producto\/novilhada-17-de-maio\/#breadcrumb"},"inLanguage":"pt-PT","potentialAction":[{"@type":"ReadAction","target":["https:\/\/plazatorossevilla.com\/pt-pt\/producto\/novilhada-17-de-maio\/"]}]},{"@type":"ImageObject","inLanguage":"pt-PT","@id":"https:\/\/plazatorossevilla.com\/pt-pt\/producto\/novilhada-17-de-maio\/#primaryimage","url":"https:\/\/plazatorossevilla.com\/wp-content\/uploads\/2026\/04\/Novillada-17-de-mayo.webp","contentUrl":"https:\/\/plazatorossevilla.com\/wp-content\/uploads\/2026\/04\/Novillada-17-de-mayo.webp","width":500,"height":500,"caption":"Novilhada 17 de maio Sevilha"},{"@type":"BreadcrumbList","@id":"https:\/\/plazatorossevilla.com\/pt-pt\/producto\/novilhada-17-de-maio\/#breadcrumb","itemListElement":[{"@type":"ListItem","position":1,"name":"Portada","item":"https:\/\/plazatorossevilla.com\/pt-pt\/"},{"@type":"ListItem","position":2,"name":"Loja","item":"https:\/\/plazatorossevilla.com\/tienda\/"},{"@type":"ListItem","position":3,"name":"Novilhada 17 de maio"}]},{"@type":"WebSite","@id":"https:\/\/plazatorossevilla.com\/pt-pt\/#website","url":"https:\/\/plazatorossevilla.com\/pt-pt\/","name":"Plaza Toros Sevilla","description":"Entradas a corridas de toros en Sevilla, Plaza de Toros La Maestranza","publisher":{"@id":"https:\/\/plazatorossevilla.com\/pt-pt\/#organization"},"potentialAction":[{"@type":"SearchAction","target":{"@type":"EntryPoint","urlTemplate":"https:\/\/plazatorossevilla.com\/pt-pt\/?s={search_term_string}"},"query-input":{"@type":"PropertyValueSpecification","valueRequired":true,"valueName":"search_term_string"}}],"inLanguage":"pt-PT"},{"@type":"Organization","@id":"https:\/\/plazatorossevilla.com\/pt-pt\/#organization","name":"Plaza Toros Sevilla","url":"https:\/\/plazatorossevilla.com\/pt-pt\/","logo":{"@type":"ImageObject","inLanguage":"pt-PT","@id":"https:\/\/plazatorossevilla.com\/pt-pt\/#\/schema\/logo\/image\/","url":"https:\/\/plazatorossevilla.com\/wp-content\/uploads\/2026\/03\/Logo-plaza-toros-sevilla.webp","contentUrl":"https:\/\/plazatorossevilla.com\/wp-content\/uploads\/2026\/03\/Logo-plaza-toros-sevilla.webp","width":286,"height":200,"caption":"Plaza Toros Sevilla"},"image":{"@id":"https:\/\/plazatorossevilla.com\/pt-pt\/#\/schema\/logo\/image\/"}}]}},"_links":{"self":[{"href":"https:\/\/plazatorossevilla.com\/pt-pt\/wp-json\/wp\/v2\/product\/3891","targetHints":{"allow":["GET"]}}],"collection":[{"href":"https:\/\/plazatorossevilla.com\/pt-pt\/wp-json\/wp\/v2\/product"}],"about":[{"href":"https:\/\/plazatorossevilla.com\/pt-pt\/wp-json\/wp\/v2\/types\/product"}],"replies":[{"embeddable":true,"href":"https:\/\/plazatorossevilla.com\/pt-pt\/wp-json\/wp\/v2\/comments?post=3891"}],"wp:featuredmedia":[{"embeddable":true,"href":"https:\/\/plazatorossevilla.com\/pt-pt\/wp-json\/wp\/v2\/media\/3892"}],"wp:attachment":[{"href":"https:\/\/plazatorossevilla.com\/pt-pt\/wp-json\/wp\/v2\/media?parent=3891"}],"wp:term":[{"taxonomy":"product_brand","embeddable":true,"href":"https:\/\/plazatorossevilla.com\/pt-pt\/wp-json\/wp\/v2\/product_brand?post=3891"},{"taxonomy":"product_cat","embeddable":true,"href":"https:\/\/plazatorossevilla.com\/pt-pt\/wp-json\/wp\/v2\/product_cat?post=3891"},{"taxonomy":"product_tag","embeddable":true,"href":"https:\/\/plazatorossevilla.com\/pt-pt\/wp-json\/wp\/v2\/product_tag?post=3891"}],"curies":[{"name":"wp","href":"https:\/\/api.w.org\/{rel}","templated":true}]}}