{"id":3641,"date":"2026-03-18T10:59:21","date_gmt":"2026-03-18T10:59:21","guid":{"rendered":"https:\/\/plazatorossevilla.com\/politica-de-privacidade\/"},"modified":"2026-04-20T14:10:34","modified_gmt":"2026-04-20T14:10:34","slug":"politica-de-privacidade","status":"publish","type":"page","link":"https:\/\/plazatorossevilla.com\/pt-pt\/politica-de-privacidade\/","title":{"rendered":"Pol\u00edtica de privacidade"},"content":{"rendered":"<section class=\"l-section wpb_row height_medium\"><div class=\"l-section-h i-cf\"><div class=\"g-cols vc_row via_grid cols_1 laptops-cols_inherit tablets-cols_inherit mobiles-cols_1 valign_top type_default stacking_default\"><div class=\"wpb_column vc_column_container\"><div class=\"vc_column-inner\"><div class=\"wpb_text_column\"><div class=\"wpb_wrapper\"><h3>Prote\u00e7\u00e3o de dados de car\u00e1ter pessoal nos termos do RGPD<\/h3>\n<p>A Toroshopping, S.L., em aplica\u00e7\u00e3o da normativa em vigor em mat\u00e9ria de <a href=\"https:\/\/protecciondatos-lopd.com\/auditoria\/proteccion-datos\/\" target=\"_blank\" rel=\"noopener\" data-saferedirecturl=\"https:\/\/www.google.com\/url?q=https:\/\/protecciondatos-lopd.com\/auditoria\/proteccion-datos\/&amp;source=gmail&amp;ust=1693983469555000&amp;usg=AOvVaw06cAt1rQmvPvcyiRrzyEtd\">prote\u00e7\u00e3o de dados<\/a> de car\u00e1ter pessoal, informa que os dados pessoais recolhidos atrav\u00e9s dos formul\u00e1rios do Site: https:\/\/plazatorossevilla.com\/, s\u00e3o inclu\u00eddos nos ficheiros automatizados espec\u00edficos de utilizadores dos servi\u00e7os da Toroshopping, S.L.<\/p>\n<p>A recolha e o tratamento automatizado dos dados de car\u00e1ter pessoal t\u00eam como finalidade a manuten\u00e7\u00e3o da rela\u00e7\u00e3o comercial e a execu\u00e7\u00e3o de tarefas de informa\u00e7\u00e3o, forma\u00e7\u00e3o, aconselhamento e outras atividades pr\u00f3prias da Toroshopping, S.L.<\/p>\n<p>Estes dados apenas ser\u00e3o cedidos \u00e0s entidades que sejam necess\u00e1rias, com o \u00fanico objetivo de dar cumprimento \u00e0 finalidade anteriormente exposta.<\/p>\n<p>A Toroshopping, S.L. adota as medidas necess\u00e1rias para garantir a seguran\u00e7a, integridade e confidencialidade dos dados, nos termos do disposto no Regulamento (UE) 2016\/679 do Parlamento Europeu e do Conselho, de 27 de abril de 2016, relativo \u00e0 prote\u00e7\u00e3o das pessoas singulares no que diz respeito ao tratamento de dados pessoais e \u00e0 livre circula\u00e7\u00e3o dos mesmos, revogando a antiga LOPD, e na nova Lei Org\u00e2nica 3\/2018, de 5 de dezembro, de Prote\u00e7\u00e3o de Dados e Garantia dos Direitos Digitais (LOPDGDD).<\/p>\n<p>O utilizador poder\u00e1, a qualquer momento, exercer os direitos de acesso, oposi\u00e7\u00e3o, retifica\u00e7\u00e3o, cancelamento, limita\u00e7\u00e3o e portabilidade reconhecidos no referido Regulamento (UE). O exerc\u00edcio destes direitos pode ser efetuado pelo pr\u00f3prio utilizador atrav\u00e9s de email para: <a href=\"mailto:info@toroshopping.com\" target=\"_blank\" rel=\"noopener\">info@toroshopping.com<\/a> ou para a morada: Centro Melior Vasari. Urbanizaci\u00f3n La Alzambra, 3, Local 1, C.P. 29660 \u2013 Marbella (M\u00e1laga).  <\/p>\n<p>O utilizador declara que todos os dados por si fornecidos s\u00e3o verdadeiros e corretos, e compromete-se a mant\u00ea-los atualizados, comunicando as altera\u00e7\u00f5es \u00e0 Toroshopping, S.L.<\/p>\n<h5><strong>Finalidade do tratamento dos dados pessoais:<\/strong><\/h5>\n<p><strong>Com que finalidade trataremos os seus dados pessoais?<\/strong><\/p>\n<p>Na Toroshopping, S.L., trataremos os seus dados pessoais recolhidos atrav\u00e9s do Site: https:\/\/plazatorossevilla.com\/, com as seguintes finalidades:<\/p>\n<ol>\n<li>Cumprir as obriga\u00e7\u00f5es comerciais, laborais, societ\u00e1rias e contabil\u00edsticas da empresa.<\/li>\n<li>Prestar os seus servi\u00e7os de acordo com as necessidades particulares dos clientes, a fim de cumprir os contratos celebrados pela mesma.<\/li>\n<li>Envio de informa\u00e7\u00e3o comercial e boletins informativos sobre novos servi\u00e7os oferecidos no site e no setor.<\/li>\n<li>Adquirir os produtos oferecidos atrav\u00e9s do site.<\/li>\n<li>Prestar os servi\u00e7os contratados pelo utilizador.<\/li>\n<li>Enviar informa\u00e7\u00e3o promocional por via eletr\u00f3nica.<\/li>\n<li>Facilitar a informa\u00e7\u00e3o solicitada pelo utilizador atrav\u00e9s do formul\u00e1rio de contacto.<\/li>\n<\/ol>\n<p>Recordamos-lhe que pode opor-se ao envio de comunica\u00e7\u00f5es comerciais por qualquer via e a qualquer momento, enviando um email para o endere\u00e7o anteriormente indicado.<\/p>\n<p>Os campos desses registos s\u00e3o de preenchimento obrigat\u00f3rio, sendo imposs\u00edvel concretizar as finalidades expressas se esses dados n\u00e3o forem fornecidos.<\/p>\n<p><strong>Durante quanto tempo s\u00e3o conservados os dados pessoais recolhidos?<\/strong><\/p>\n<p>Os dados pessoais fornecidos ser\u00e3o conservados enquanto se mantiver a rela\u00e7\u00e3o comercial ou enquanto n\u00e3o solicitar a sua elimina\u00e7\u00e3o e durante o prazo em que possam decorrer responsabilidades legais pelos servi\u00e7os prestados.<\/p>\n<h5>Legitima\u00e7\u00e3o:<\/h5>\n<p>O tratamento dos seus dados \u00e9 realizado com base nas seguintes bases jur\u00eddicas que o legitimam:<\/p>\n<ol>\n<li>O pedido de informa\u00e7\u00e3o e\/ou a contrata\u00e7\u00e3o dos servi\u00e7os da Toroshopping, S.L., cujos termos e condi\u00e7\u00f5es lhe ser\u00e3o disponibilizados em qualquer caso, previamente a uma eventual contrata\u00e7\u00e3o.<\/li>\n<li>O consentimento livre, espec\u00edfico, informado e inequ\u00edvoco, uma vez que o informamos disponibilizando-lhe a presente pol\u00edtica de privacidade, que, ap\u00f3s a sua leitura, caso esteja de acordo, pode aceitar mediante uma declara\u00e7\u00e3o ou uma clara a\u00e7\u00e3o afirmativa, como a marca\u00e7\u00e3o de uma caixa para o efeito.<\/li>\n<\/ol>\n<p>Caso n\u00e3o nos forne\u00e7a os seus dados ou o fa\u00e7a de forma incorreta ou incompleta, n\u00e3o poderemos dar resposta ao seu pedido, sendo totalmente imposs\u00edvel fornecer-lhe a informa\u00e7\u00e3o solicitada ou proceder \u00e0 contrata\u00e7\u00e3o dos servi\u00e7os.<\/p>\n<h5>Destinat\u00e1rios:<\/h5>\n<p>Os dados n\u00e3o ser\u00e3o comunicados a qualquer terceiro alheio \u00e0 Toroshopping, S.L., salvo por obriga\u00e7\u00e3o legal.<\/p>\n<h5>Dados recolhidos por utilizadores dos servi\u00e7os<\/h5>\n<p>Nos casos em que o utilizador inclua ficheiros com dados de car\u00e1ter pessoal nos servidores de alojamento partilhado, a Toroshopping, S.L. n\u00e3o se responsabiliza pelo incumprimento do RGPD por parte do utilizador.<\/p>\n<h5>Direitos de propriedade intelectual https:\/\/plazatorossevilla.com\/<\/h5>\n<p>A Toroshopping, S.L. \u00e9 titular de todos os direitos de autor, propriedade intelectual, industrial, \u00abknow how\u00bb e quaisquer outros direitos relacionados com os conte\u00fados do site https:\/\/plazatorossevilla.com e com os servi\u00e7os nele oferecidos, bem como com os programas necess\u00e1rios para a sua implementa\u00e7\u00e3o e a informa\u00e7\u00e3o relacionada.<\/p>\n<p>N\u00e3o \u00e9 permitida a reprodu\u00e7\u00e3o, publica\u00e7\u00e3o e\/ou utiliza\u00e7\u00e3o n\u00e3o estritamente privada dos conte\u00fados, totais ou parciais, do site https:\/\/plazatorossevilla.com sem o consentimento pr\u00e9vio e por escrito.<\/p>\n<h5>Propriedade intelectual do software<\/h5>\n<p>O utilizador deve respeitar os programas de terceiros disponibilizados pela Toroshopping, S.L., ainda que sejam gratuitos e\/ou de acesso p\u00fablico.<\/p>\n<p>A Toroshopping, S.L. disp\u00f5e dos direitos de explora\u00e7\u00e3o e de propriedade intelectual necess\u00e1rios do software.<\/p>\n<p>O utilizador n\u00e3o adquire qualquer direito ou licen\u00e7a, pelo servi\u00e7o contratado, sobre o software necess\u00e1rio para a presta\u00e7\u00e3o do servi\u00e7o, nem sobre a informa\u00e7\u00e3o t\u00e9cnica de acompanhamento do servi\u00e7o, salvo os direitos e licen\u00e7as necess\u00e1rios para o cumprimento dos servi\u00e7os contratados e apenas durante a respetiva dura\u00e7\u00e3o.<\/p>\n<p>Para qualquer atua\u00e7\u00e3o que exceda o cumprimento do contrato, o utilizador necessitar\u00e1 de autoriza\u00e7\u00e3o por escrito por parte da Toroshopping, S.L., ficando proibido ao utilizador aceder, modificar, visualizar a configura\u00e7\u00e3o, estrutura e ficheiros dos servidores propriedade da Toroshopping, S.L., assumindo a responsabilidade civil e penal decorrente de qualquer incid\u00eancia que possa ocorrer nos servidores e sistemas de seguran\u00e7a como consequ\u00eancia direta de uma atua\u00e7\u00e3o negligente ou maliciosa da sua parte.<\/p>\n<h5>Propriedade intelectual dos conte\u00fados alojados<\/h5>\n<p>\u00c9 proibida a utiliza\u00e7\u00e3o, contr\u00e1ria \u00e0 legisla\u00e7\u00e3o sobre propriedade intelectual, dos servi\u00e7os prestados pela Toroshopping, S.L. e, em particular, de:<\/p>\n<ol>\n<li>A utiliza\u00e7\u00e3o que seja contr\u00e1ria \u00e0s leis espanholas ou que infrinja direitos de terceiros.<\/li>\n<li>A publica\u00e7\u00e3o ou transmiss\u00e3o de qualquer conte\u00fado que, no entender da Toroshopping, S.L., seja violento, obsceno, abusivo, ilegal, racial, xen\u00f3fobo ou difamat\u00f3rio.<\/li>\n<li>Cracks, n\u00fameros de s\u00e9rie de programas ou qualquer outro conte\u00fado que viole direitos de propriedade intelectual de terceiros.<\/li>\n<li>A recolha e\/ou utiliza\u00e7\u00e3o de dados pessoais de outros utilizadores sem o seu consentimento expresso ou em viola\u00e7\u00e3o do disposto no Regulamento (UE) 2016\/679 do Parlamento Europeu e do Conselho, de 27 de abril de 2016, relativo \u00e0 prote\u00e7\u00e3o das pessoas singulares no que diz respeito ao tratamento de dados pessoais e \u00e0 livre circula\u00e7\u00e3o dos mesmos.<\/li>\n<li>A utiliza\u00e7\u00e3o do servidor de correio do dom\u00ednio e dos endere\u00e7os de email para o envio de correio massivo n\u00e3o solicitado.<\/li>\n<\/ol>\n<p>O utilizador assume toda a responsabilidade pelo conte\u00fado do seu site, pela informa\u00e7\u00e3o transmitida e armazenada, pelas hiperliga\u00e7\u00f5es, pelas reivindica\u00e7\u00f5es de terceiros e pelas a\u00e7\u00f5es legais relativas a propriedade intelectual, direitos de terceiros e prote\u00e7\u00e3o de menores.<\/p>\n<p>O utilizador \u00e9 respons\u00e1vel pelo cumprimento das leis e regulamentos em vigor e das regras relacionadas com o funcionamento do servi\u00e7o online, com\u00e9rcio eletr\u00f3nico, direitos de autor, manuten\u00e7\u00e3o da ordem p\u00fablica, bem como princ\u00edpios universais de utiliza\u00e7\u00e3o da Internet.<\/p>\n<p>O utilizador indemnizar\u00e1 a Toroshopping, S.L. pelas despesas geradas pela imputa\u00e7\u00e3o da Toroshopping, S.L. em qualquer processo cuja responsabilidade seja atribu\u00edvel ao utilizador, incluindo honor\u00e1rios e despesas de defesa jur\u00eddica, mesmo no caso de uma decis\u00e3o judicial n\u00e3o definitiva.<\/p>\n<h5>Prote\u00e7\u00e3o da informa\u00e7\u00e3o alojada<\/h5>\n<p>A Toroshopping, S.L. realiza c\u00f3pias de seguran\u00e7a dos conte\u00fados alojados nos seus servidores; no entanto, n\u00e3o se responsabiliza pela perda ou elimina\u00e7\u00e3o acidental de dados por parte dos utilizadores. Do mesmo modo, n\u00e3o garante a reposi\u00e7\u00e3o total dos dados eliminados pelos utilizadores, uma vez que os referidos dados podem ter sido suprimidos e\/ou modificados durante o per\u00edodo decorrido desde a \u00faltima c\u00f3pia de seguran\u00e7a. <\/p>\n<p>Os servi\u00e7os oferecidos, exceto os servi\u00e7os espec\u00edficos de backup, n\u00e3o incluem a reposi\u00e7\u00e3o dos conte\u00fados conservados nas c\u00f3pias de seguran\u00e7a realizadas pela Toroshopping, S.L., quando essa perda seja imput\u00e1vel ao utilizador; neste caso, ser\u00e1 determinada uma tarifa de acordo com a complexidade e o volume da recupera\u00e7\u00e3o, sempre mediante aceita\u00e7\u00e3o pr\u00e9via do utilizador.<\/p>\n<p>A reposi\u00e7\u00e3o de dados eliminados s\u00f3 est\u00e1 inclu\u00edda no pre\u00e7o do servi\u00e7o quando a perda do conte\u00fado se deva a causas imput\u00e1veis \u00e0 Toroshopping, S.L.<\/p>\n<h5>Comunica\u00e7\u00f5es comerciais<\/h5>\n<p>Em aplica\u00e7\u00e3o da LSSI, a Toroshopping, S.L. n\u00e3o enviar\u00e1 comunica\u00e7\u00f5es publicit\u00e1rias ou promocionais por email ou por outro meio de comunica\u00e7\u00e3o eletr\u00f3nica equivalente que n\u00e3o tenham sido previamente solicitadas ou expressamente autorizadas pelos respetivos destinat\u00e1rios. <\/p>\n<p>No caso de utilizadores com os quais exista uma rela\u00e7\u00e3o contratual pr\u00e9via, a Toroshopping, S.L. est\u00e1 autorizada a enviar comunica\u00e7\u00f5es comerciais relativas a produtos ou servi\u00e7os da Toroshopping, S.L. que sejam semelhantes aos que inicialmente foram objeto de contrata\u00e7\u00e3o com o cliente.<\/p>\n<p>Em qualquer caso, o utilizador, ap\u00f3s comprovar a sua identidade, poder\u00e1 solicitar que n\u00e3o lhe seja enviada mais informa\u00e7\u00e3o comercial atrav\u00e9s dos canais de Apoio ao Cliente.<\/p>\n<\/div><\/div><\/div><\/div><\/div><\/div><\/section>\n","protected":false},"excerpt":{"rendered":"Prote\u00e7\u00e3o de dados de car\u00e1ter pessoal nos termos do RGPD A Toroshopping, S.L., em aplica\u00e7\u00e3o da normativa em vigor em mat\u00e9ria de prote\u00e7\u00e3o de dados de car\u00e1ter pessoal, informa que os dados pessoais recolhidos atrav\u00e9s dos formul\u00e1rios do Site: https:\/\/plazatorossevilla.com\/, s\u00e3o inclu\u00eddos nos ficheiros automatizados espec\u00edficos de utilizadores dos servi\u00e7os da Toroshopping, S.L. A recolha...","protected":false},"author":1,"featured_media":0,"parent":0,"menu_order":0,"comment_status":"closed","ping_status":"open","template":"","meta":{"footnotes":""},"class_list":["post-3641","page","type-page","status-publish","hentry"],"yoast_head":"<!-- This site is optimized with the Yoast SEO plugin v27.4 - https:\/\/yoast.com\/product\/yoast-seo-wordpress\/ -->\n<title>Pol\u00edtica de privacidade - Plaza Toros Sevilla<\/title>\n<meta name=\"robots\" content=\"noindex, follow\" \/>\n<meta property=\"og:locale\" content=\"pt_PT\" \/>\n<meta property=\"og:type\" content=\"article\" \/>\n<meta property=\"og:title\" content=\"Pol\u00edtica de privacidade - Plaza Toros Sevilla\" \/>\n<meta property=\"og:url\" content=\"https:\/\/plazatorossevilla.com\/pt-pt\/politica-de-privacidade\/\" \/>\n<meta property=\"og:site_name\" content=\"Plaza Toros Sevilla\" \/>\n<meta property=\"article:modified_time\" content=\"2026-04-20T14:10:34+00:00\" \/>\n<meta name=\"twitter:card\" content=\"summary_large_image\" \/>\n<meta name=\"twitter:label1\" content=\"Tempo estimado de leitura\" \/>\n\t<meta name=\"twitter:data1\" content=\"8 minutos\" \/>\n<script type=\"application\/ld+json\" class=\"yoast-schema-graph\">{\"@context\":\"https:\\\/\\\/schema.org\",\"@graph\":[{\"@type\":\"WebPage\",\"@id\":\"https:\\\/\\\/plazatorossevilla.com\\\/pt-pt\\\/politica-de-privacidade\\\/\",\"url\":\"https:\\\/\\\/plazatorossevilla.com\\\/pt-pt\\\/politica-de-privacidade\\\/\",\"name\":\"Pol\u00edtica de privacidade - Plaza Toros Sevilla\",\"isPartOf\":{\"@id\":\"https:\\\/\\\/plazatorossevilla.com\\\/pt-pt\\\/#website\"},\"datePublished\":\"2026-03-18T10:59:21+00:00\",\"dateModified\":\"2026-04-20T14:10:34+00:00\",\"breadcrumb\":{\"@id\":\"https:\\\/\\\/plazatorossevilla.com\\\/pt-pt\\\/politica-de-privacidade\\\/#breadcrumb\"},\"inLanguage\":\"pt-PT\",\"potentialAction\":[{\"@type\":\"ReadAction\",\"target\":[\"https:\\\/\\\/plazatorossevilla.com\\\/pt-pt\\\/politica-de-privacidade\\\/\"]}]},{\"@type\":\"BreadcrumbList\",\"@id\":\"https:\\\/\\\/plazatorossevilla.com\\\/pt-pt\\\/politica-de-privacidade\\\/#breadcrumb\",\"itemListElement\":[{\"@type\":\"ListItem\",\"position\":1,\"name\":\"Portada\",\"item\":\"https:\\\/\\\/plazatorossevilla.com\\\/pt-pt\\\/\"},{\"@type\":\"ListItem\",\"position\":2,\"name\":\"Pol\u00edtica de privacidade\"}]},{\"@type\":\"WebSite\",\"@id\":\"https:\\\/\\\/plazatorossevilla.com\\\/pt-pt\\\/#website\",\"url\":\"https:\\\/\\\/plazatorossevilla.com\\\/pt-pt\\\/\",\"name\":\"Plaza Toros Sevilla\",\"description\":\"Entradas a corridas de toros en Sevilla, Plaza de Toros La Maestranza\",\"publisher\":{\"@id\":\"https:\\\/\\\/plazatorossevilla.com\\\/pt-pt\\\/#organization\"},\"potentialAction\":[{\"@type\":\"SearchAction\",\"target\":{\"@type\":\"EntryPoint\",\"urlTemplate\":\"https:\\\/\\\/plazatorossevilla.com\\\/pt-pt\\\/?s={search_term_string}\"},\"query-input\":{\"@type\":\"PropertyValueSpecification\",\"valueRequired\":true,\"valueName\":\"search_term_string\"}}],\"inLanguage\":\"pt-PT\"},{\"@type\":\"Organization\",\"@id\":\"https:\\\/\\\/plazatorossevilla.com\\\/pt-pt\\\/#organization\",\"name\":\"Plaza Toros Sevilla\",\"url\":\"https:\\\/\\\/plazatorossevilla.com\\\/pt-pt\\\/\",\"logo\":{\"@type\":\"ImageObject\",\"inLanguage\":\"pt-PT\",\"@id\":\"https:\\\/\\\/plazatorossevilla.com\\\/pt-pt\\\/#\\\/schema\\\/logo\\\/image\\\/\",\"url\":\"https:\\\/\\\/plazatorossevilla.com\\\/wp-content\\\/uploads\\\/2026\\\/03\\\/Logo-plaza-toros-sevilla.webp\",\"contentUrl\":\"https:\\\/\\\/plazatorossevilla.com\\\/wp-content\\\/uploads\\\/2026\\\/03\\\/Logo-plaza-toros-sevilla.webp\",\"width\":286,\"height\":200,\"caption\":\"Plaza Toros Sevilla\"},\"image\":{\"@id\":\"https:\\\/\\\/plazatorossevilla.com\\\/pt-pt\\\/#\\\/schema\\\/logo\\\/image\\\/\"}}]}<\/script>\n<!-- \/ Yoast SEO plugin. -->","yoast_head_json":{"title":"Pol\u00edtica de privacidade - Plaza Toros Sevilla","robots":{"index":"noindex","follow":"follow"},"og_locale":"pt_PT","og_type":"article","og_title":"Pol\u00edtica de privacidade - Plaza Toros Sevilla","og_url":"https:\/\/plazatorossevilla.com\/pt-pt\/politica-de-privacidade\/","og_site_name":"Plaza Toros Sevilla","article_modified_time":"2026-04-20T14:10:34+00:00","twitter_card":"summary_large_image","twitter_misc":{"Tempo estimado de leitura":"8 minutos"},"schema":{"@context":"https:\/\/schema.org","@graph":[{"@type":"WebPage","@id":"https:\/\/plazatorossevilla.com\/pt-pt\/politica-de-privacidade\/","url":"https:\/\/plazatorossevilla.com\/pt-pt\/politica-de-privacidade\/","name":"Pol\u00edtica de privacidade - Plaza Toros Sevilla","isPartOf":{"@id":"https:\/\/plazatorossevilla.com\/pt-pt\/#website"},"datePublished":"2026-03-18T10:59:21+00:00","dateModified":"2026-04-20T14:10:34+00:00","breadcrumb":{"@id":"https:\/\/plazatorossevilla.com\/pt-pt\/politica-de-privacidade\/#breadcrumb"},"inLanguage":"pt-PT","potentialAction":[{"@type":"ReadAction","target":["https:\/\/plazatorossevilla.com\/pt-pt\/politica-de-privacidade\/"]}]},{"@type":"BreadcrumbList","@id":"https:\/\/plazatorossevilla.com\/pt-pt\/politica-de-privacidade\/#breadcrumb","itemListElement":[{"@type":"ListItem","position":1,"name":"Portada","item":"https:\/\/plazatorossevilla.com\/pt-pt\/"},{"@type":"ListItem","position":2,"name":"Pol\u00edtica de privacidade"}]},{"@type":"WebSite","@id":"https:\/\/plazatorossevilla.com\/pt-pt\/#website","url":"https:\/\/plazatorossevilla.com\/pt-pt\/","name":"Plaza Toros Sevilla","description":"Entradas a corridas de toros en Sevilla, Plaza de Toros La Maestranza","publisher":{"@id":"https:\/\/plazatorossevilla.com\/pt-pt\/#organization"},"potentialAction":[{"@type":"SearchAction","target":{"@type":"EntryPoint","urlTemplate":"https:\/\/plazatorossevilla.com\/pt-pt\/?s={search_term_string}"},"query-input":{"@type":"PropertyValueSpecification","valueRequired":true,"valueName":"search_term_string"}}],"inLanguage":"pt-PT"},{"@type":"Organization","@id":"https:\/\/plazatorossevilla.com\/pt-pt\/#organization","name":"Plaza Toros Sevilla","url":"https:\/\/plazatorossevilla.com\/pt-pt\/","logo":{"@type":"ImageObject","inLanguage":"pt-PT","@id":"https:\/\/plazatorossevilla.com\/pt-pt\/#\/schema\/logo\/image\/","url":"https:\/\/plazatorossevilla.com\/wp-content\/uploads\/2026\/03\/Logo-plaza-toros-sevilla.webp","contentUrl":"https:\/\/plazatorossevilla.com\/wp-content\/uploads\/2026\/03\/Logo-plaza-toros-sevilla.webp","width":286,"height":200,"caption":"Plaza Toros Sevilla"},"image":{"@id":"https:\/\/plazatorossevilla.com\/pt-pt\/#\/schema\/logo\/image\/"}}]}},"_links":{"self":[{"href":"https:\/\/plazatorossevilla.com\/pt-pt\/wp-json\/wp\/v2\/pages\/3641","targetHints":{"allow":["GET"]}}],"collection":[{"href":"https:\/\/plazatorossevilla.com\/pt-pt\/wp-json\/wp\/v2\/pages"}],"about":[{"href":"https:\/\/plazatorossevilla.com\/pt-pt\/wp-json\/wp\/v2\/types\/page"}],"author":[{"embeddable":true,"href":"https:\/\/plazatorossevilla.com\/pt-pt\/wp-json\/wp\/v2\/users\/1"}],"replies":[{"embeddable":true,"href":"https:\/\/plazatorossevilla.com\/pt-pt\/wp-json\/wp\/v2\/comments?post=3641"}],"version-history":[{"count":1,"href":"https:\/\/plazatorossevilla.com\/pt-pt\/wp-json\/wp\/v2\/pages\/3641\/revisions"}],"predecessor-version":[{"id":3642,"href":"https:\/\/plazatorossevilla.com\/pt-pt\/wp-json\/wp\/v2\/pages\/3641\/revisions\/3642"}],"wp:attachment":[{"href":"https:\/\/plazatorossevilla.com\/pt-pt\/wp-json\/wp\/v2\/media?parent=3641"}],"curies":[{"name":"wp","href":"https:\/\/api.w.org\/{rel}","templated":true}]}}