{"id":3563,"date":"2026-03-18T15:32:33","date_gmt":"2026-03-18T15:32:33","guid":{"rendered":"https:\/\/plazatorossevilla.com\/contacto\/"},"modified":"2026-04-20T14:09:24","modified_gmt":"2026-04-20T14:09:24","slug":"contacto","status":"publish","type":"page","link":"https:\/\/plazatorossevilla.com\/pt-pt\/contacto\/","title":{"rendered":"Contacto"},"content":{"rendered":"<section class=\"l-section wpb_row height_medium\"><div class=\"l-section-h i-cf\"><div class=\"g-cols vc_row via_grid cols_1 laptops-cols_inherit tablets-cols_inherit mobiles-cols_1 valign_top type_default stacking_default\"><div class=\"wpb_column vc_column_container\"><div class=\"vc_column-inner\"><h1 class=\"w-text\"><span class=\"w-text-h\"><span class=\"w-text-value\">Contacte-nos<\/span><\/span><\/h1><\/div><\/div><\/div><\/div><\/section><section class=\"l-section wpb_row height_medium\"><div class=\"l-section-h i-cf\"><div class=\"g-cols vc_row via_grid cols_2 laptops-cols_inherit tablets-cols_inherit mobiles-cols_1 valign_top type_default stacking_default\" style=\"--columns-gap:58px;\"><div class=\"wpb_column vc_column_container\"><div class=\"vc_column-inner\"><div class=\"wpb_text_column\"><div class=\"wpb_wrapper\"><h4>Em que podemos ajudar?<\/h4>\n<p>Se precisar de ajuda, pode entrar em contacto connosco por email, atrav\u00e9s do nosso n\u00famero de telefone ou atrav\u00e9s do chat online dispon\u00edvel no site. Responderemos o mais rapidamente poss\u00edvel.<\/p>\n<\/div><\/div><div class=\"w-separator size_medium\"><\/div>\n<div class=\"wpcf7 no-js\" id=\"wpcf7-f3522-o1\" lang=\"pt-PT\" dir=\"ltr\" data-wpcf7-id=\"3522\">\n<div class=\"screen-reader-response\"><p role=\"status\" aria-live=\"polite\" aria-atomic=\"true\"><\/p> <ul><\/ul><\/div>\n<form action=\"\/pt-pt\/wp-json\/wp\/v2\/pages\/3563#wpcf7-f3522-o1\" method=\"post\" class=\"wpcf7-form init\" aria-label=\"Formul\u00e1rio de contacto\" novalidate=\"novalidate\" data-status=\"init\">\n<fieldset class=\"hidden-fields-container\"><input type=\"hidden\" name=\"_wpcf7\" value=\"3522\" \/><input type=\"hidden\" name=\"_wpcf7_version\" value=\"6.1.5\" \/><input type=\"hidden\" name=\"_wpcf7_locale\" value=\"pt_PT\" \/><input type=\"hidden\" name=\"_wpcf7_unit_tag\" value=\"wpcf7-f3522-o1\" \/><input type=\"hidden\" name=\"_wpcf7_container_post\" value=\"0\" \/><input type=\"hidden\" name=\"_wpcf7_posted_data_hash\" value=\"\" \/>\n<\/fieldset>\n<p><label> O seu nome<br \/>\n<span class=\"wpcf7-form-control-wrap\" data-name=\"your-name\"><input size=\"40\" maxlength=\"400\" class=\"wpcf7-form-control wpcf7-text wpcf7-validates-as-required\" autocomplete=\"name\" aria-required=\"true\" aria-invalid=\"false\" value=\"\" type=\"text\" name=\"your-name\" \/><\/span> <\/label>\n<\/p>\n<p><label> O seu endere\u00e7o de e-mail<br \/>\n<span class=\"wpcf7-form-control-wrap\" data-name=\"your-email\"><input size=\"40\" maxlength=\"400\" class=\"wpcf7-form-control wpcf7-email wpcf7-validates-as-required wpcf7-text wpcf7-validates-as-email\" autocomplete=\"email\" aria-required=\"true\" aria-invalid=\"false\" value=\"\" type=\"email\" name=\"your-email\" \/><\/span> <\/label>\n<\/p>\n<p><label> Assunto<br \/>\n<span class=\"wpcf7-form-control-wrap\" data-name=\"your-subject\"><input size=\"40\" maxlength=\"400\" class=\"wpcf7-form-control wpcf7-text wpcf7-validates-as-required\" aria-required=\"true\" aria-invalid=\"false\" value=\"\" type=\"text\" name=\"your-subject\" \/><\/span> <\/label>\n<\/p>\n<p><label> A sua mensagem (opcional)<br \/>\n<span class=\"wpcf7-form-control-wrap\" data-name=\"your-message\"><textarea cols=\"40\" rows=\"10\" maxlength=\"2000\" class=\"wpcf7-form-control wpcf7-textarea\" aria-invalid=\"false\" name=\"your-message\"><\/textarea><\/span> <\/label>\n<\/p>\n<p><span class=\"wpcf7-form-control-wrap\" data-name=\"acceptance-449\"><span class=\"wpcf7-form-control wpcf7-acceptance optional\"><span class=\"wpcf7-list-item\"><label><input type=\"checkbox\" name=\"acceptance-449\" value=\"1\" aria-invalid=\"false\" \/><span class=\"wpcf7-list-item-label\">Subscreva a newsletter.<\/span><\/label><\/span><\/span><\/span>\n<\/p>\n<div class=\"cf7-cf-turnstile\" style=\"margin-top: 0px; margin-bottom: -15px;\"> <div id=\"cf-turnstile-cf7-3987334069\" class=\"cf-turnstile\" data-sitekey=\"0x4AAAAAACtNCkgjiPMO7NoR\" data-theme=\"light\" data-language=\"auto\" data-size=\"normal\" data-retry=\"auto\" data-retry-interval=\"1000\" data-refresh-expired=\"auto\" data-refresh-timeout=\"auto\" data-action=\"contact-form-7\" data-callback=\"turnstileCF7Callback\" data-appearance=\"always\"><\/div> <script>document.addEventListener(\"DOMContentLoaded\", function() { setTimeout(function(){ var e=document.getElementById(\"cf-turnstile-cf7-3987334069\"); if(e&&!e.innerHTML.trim()){turnstile.render(e, {sitekey:\"0x4AAAAAACtNCkgjiPMO7NoR\"});} }, 200); });<\/script> <br class=\"cf-turnstile-br cf-turnstile-br-cf7-3987334069\"> <style>#cf-turnstile-cf7-3987334069 { margin-left: -15px; }<\/style> <script>document.addEventListener(\"DOMContentLoaded\",function(){document.querySelectorAll('.wpcf7-form').forEach(function(e){e.addEventListener('submit',function(){if(document.getElementById('cf-turnstile-cf7-3987334069')){setTimeout(function(){turnstile.reset('#cf-turnstile-cf7-3987334069');},1000)}})})});<\/script> <\/div><br\/><input class=\"wpcf7-form-control wpcf7-submit has-spinner\" type=\"submit\" value=\"Enviar\" \/>\n<\/p><div class=\"wpcf7-response-output\" aria-hidden=\"true\"><\/div>\n<\/form>\n<\/div>\n<\/div><\/div><div class=\"wpb_column vc_column_container\"><div class=\"vc_column-inner\"><div class=\"w-iconbox iconpos_left style_default color_primary align_left no_text\"><div class=\"w-iconbox-icon\" style=\"font-size:2rem;\"><i class=\"material-icons\">email<\/i><\/div><div class=\"w-iconbox-meta\"><h4 class=\"w-iconbox-title\">info@plazatorossevilla.com<\/h4><\/div><\/div><div class=\"w-separator size_small\"><\/div><div class=\"w-iconbox iconpos_left style_default color_primary align_left no_text\"><div class=\"w-iconbox-icon\" style=\"font-size:2rem;\"><i class=\"material-icons\">phone<\/i><\/div><div class=\"w-iconbox-meta\"><h6 class=\"w-iconbox-title\">+34 675 247 690<\/h6><\/div><\/div><div class=\"w-separator size_small\"><\/div><div class=\"w-iconbox iconpos_left style_default color_primary align_left no_text\"><div class=\"w-iconbox-icon\" style=\"font-size:2rem;\"><i class=\"material-icons\">access_time<\/i><\/div><div class=\"w-iconbox-meta\"><h4 class=\"w-iconbox-title\">Seg &#8211; Sex das 10:00 \u00e0s 17:00<\/h4><\/div><\/div><div class=\"w-separator size_small\"><\/div><div class=\"w-iconbox iconpos_left style_default color_primary align_left no_text\"><div class=\"w-iconbox-icon\" style=\"font-size:2rem;\"><i class=\"material-icons\">place<\/i><\/div><div class=\"w-iconbox-meta\"><h6 class=\"w-iconbox-title\">P.\u00ba de Crist\u00f3bal Col\u00f3n, 12, Casco Antiguo, 41001 Sevilha<\/h6><\/div><\/div><\/div><\/div><\/div><\/div><\/section>\n","protected":false},"excerpt":{"rendered":"Contacte-nosEm que podemos ajudar? Se precisar de ajuda, pode entrar em contacto connosco por email, atrav\u00e9s do nosso n\u00famero de telefone ou atrav\u00e9s do chat online dispon\u00edvel no site. Responderemos o mais rapidamente poss\u00edvel. O seu nome O seu endere\u00e7o de e-mail Assunto A sua mensagem (opcional) Subscreva a newsletter. emailinfo@plazatorossevilla.comphone+34 675 247 690access_timeSeg &#8211;...","protected":false},"author":2,"featured_media":0,"parent":0,"menu_order":0,"comment_status":"closed","ping_status":"closed","template":"","meta":{"footnotes":""},"class_list":["post-3563","page","type-page","status-publish","hentry"],"yoast_head":"<!-- This site is optimized with the Yoast SEO plugin v27.4 - https:\/\/yoast.com\/product\/yoast-seo-wordpress\/ -->\n<title>\u25b7 Contacto | Pra\u00e7a de Touros de Sevilha<\/title>\n<meta name=\"description\" content=\"[Email: info@plazatorossevilla.com - Tel: +34 675 247 690] Contacte-nos e entraremos em contacto consigo o mais rapidamente poss\u00edvel\" \/>\n<meta name=\"robots\" content=\"index, follow, max-snippet:-1, max-image-preview:large, max-video-preview:-1\" \/>\n<link rel=\"canonical\" href=\"https:\/\/plazatorossevilla.com\/pt-pt\/contacto\/\" \/>\n<meta property=\"og:locale\" content=\"pt_PT\" \/>\n<meta property=\"og:type\" content=\"article\" \/>\n<meta property=\"og:title\" content=\"\u25b7 Contacto | Pra\u00e7a de Touros de Sevilha\" \/>\n<meta property=\"og:description\" content=\"[Email: info@plazatorossevilla.com - Tel: +34 675 247 690] Contacte-nos e entraremos em contacto consigo o mais rapidamente poss\u00edvel\" \/>\n<meta property=\"og:url\" content=\"https:\/\/plazatorossevilla.com\/pt-pt\/contacto\/\" \/>\n<meta property=\"og:site_name\" content=\"Plaza Toros Sevilla\" \/>\n<meta property=\"article:modified_time\" content=\"2026-04-20T14:09:24+00:00\" \/>\n<meta name=\"twitter:card\" content=\"summary_large_image\" \/>\n<meta name=\"twitter:label1\" content=\"Tempo estimado de leitura\" \/>\n\t<meta name=\"twitter:data1\" content=\"1 minuto\" \/>\n<script type=\"application\/ld+json\" class=\"yoast-schema-graph\">{\"@context\":\"https:\\\/\\\/schema.org\",\"@graph\":[{\"@type\":\"WebPage\",\"@id\":\"https:\\\/\\\/plazatorossevilla.com\\\/pt-pt\\\/contacto\\\/\",\"url\":\"https:\\\/\\\/plazatorossevilla.com\\\/pt-pt\\\/contacto\\\/\",\"name\":\"\u25b7 Contacto | Pra\u00e7a de Touros de Sevilha\",\"isPartOf\":{\"@id\":\"https:\\\/\\\/plazatorossevilla.com\\\/pt-pt\\\/#website\"},\"datePublished\":\"2026-03-18T15:32:33+00:00\",\"dateModified\":\"2026-04-20T14:09:24+00:00\",\"description\":\"[Email: info@plazatorossevilla.com - Tel: +34 675 247 690] Contacte-nos e entraremos em contacto consigo o mais rapidamente poss\u00edvel\",\"breadcrumb\":{\"@id\":\"https:\\\/\\\/plazatorossevilla.com\\\/pt-pt\\\/contacto\\\/#breadcrumb\"},\"inLanguage\":\"pt-PT\",\"potentialAction\":[{\"@type\":\"ReadAction\",\"target\":[\"https:\\\/\\\/plazatorossevilla.com\\\/pt-pt\\\/contacto\\\/\"]}]},{\"@type\":\"BreadcrumbList\",\"@id\":\"https:\\\/\\\/plazatorossevilla.com\\\/pt-pt\\\/contacto\\\/#breadcrumb\",\"itemListElement\":[{\"@type\":\"ListItem\",\"position\":1,\"name\":\"Portada\",\"item\":\"https:\\\/\\\/plazatorossevilla.com\\\/pt-pt\\\/\"},{\"@type\":\"ListItem\",\"position\":2,\"name\":\"Contacto\"}]},{\"@type\":\"WebSite\",\"@id\":\"https:\\\/\\\/plazatorossevilla.com\\\/pt-pt\\\/#website\",\"url\":\"https:\\\/\\\/plazatorossevilla.com\\\/pt-pt\\\/\",\"name\":\"Plaza Toros Sevilla\",\"description\":\"Entradas a corridas de toros en Sevilla, Plaza de Toros La Maestranza\",\"publisher\":{\"@id\":\"https:\\\/\\\/plazatorossevilla.com\\\/pt-pt\\\/#organization\"},\"potentialAction\":[{\"@type\":\"SearchAction\",\"target\":{\"@type\":\"EntryPoint\",\"urlTemplate\":\"https:\\\/\\\/plazatorossevilla.com\\\/pt-pt\\\/?s={search_term_string}\"},\"query-input\":{\"@type\":\"PropertyValueSpecification\",\"valueRequired\":true,\"valueName\":\"search_term_string\"}}],\"inLanguage\":\"pt-PT\"},{\"@type\":\"Organization\",\"@id\":\"https:\\\/\\\/plazatorossevilla.com\\\/pt-pt\\\/#organization\",\"name\":\"Plaza Toros Sevilla\",\"url\":\"https:\\\/\\\/plazatorossevilla.com\\\/pt-pt\\\/\",\"logo\":{\"@type\":\"ImageObject\",\"inLanguage\":\"pt-PT\",\"@id\":\"https:\\\/\\\/plazatorossevilla.com\\\/pt-pt\\\/#\\\/schema\\\/logo\\\/image\\\/\",\"url\":\"https:\\\/\\\/plazatorossevilla.com\\\/wp-content\\\/uploads\\\/2026\\\/03\\\/Logo-plaza-toros-sevilla.webp\",\"contentUrl\":\"https:\\\/\\\/plazatorossevilla.com\\\/wp-content\\\/uploads\\\/2026\\\/03\\\/Logo-plaza-toros-sevilla.webp\",\"width\":286,\"height\":200,\"caption\":\"Plaza Toros Sevilla\"},\"image\":{\"@id\":\"https:\\\/\\\/plazatorossevilla.com\\\/pt-pt\\\/#\\\/schema\\\/logo\\\/image\\\/\"}}]}<\/script>\n<!-- \/ Yoast SEO plugin. -->","yoast_head_json":{"title":"\u25b7 Contacto | Pra\u00e7a de Touros de Sevilha","description":"[Email: info@plazatorossevilla.com - Tel: +34 675 247 690] Contacte-nos e entraremos em contacto consigo o mais rapidamente poss\u00edvel","robots":{"index":"index","follow":"follow","max-snippet":"max-snippet:-1","max-image-preview":"max-image-preview:large","max-video-preview":"max-video-preview:-1"},"canonical":"https:\/\/plazatorossevilla.com\/pt-pt\/contacto\/","og_locale":"pt_PT","og_type":"article","og_title":"\u25b7 Contacto | Pra\u00e7a de Touros de Sevilha","og_description":"[Email: info@plazatorossevilla.com - Tel: +34 675 247 690] Contacte-nos e entraremos em contacto consigo o mais rapidamente poss\u00edvel","og_url":"https:\/\/plazatorossevilla.com\/pt-pt\/contacto\/","og_site_name":"Plaza Toros Sevilla","article_modified_time":"2026-04-20T14:09:24+00:00","twitter_card":"summary_large_image","twitter_misc":{"Tempo estimado de leitura":"1 minuto"},"schema":{"@context":"https:\/\/schema.org","@graph":[{"@type":"WebPage","@id":"https:\/\/plazatorossevilla.com\/pt-pt\/contacto\/","url":"https:\/\/plazatorossevilla.com\/pt-pt\/contacto\/","name":"\u25b7 Contacto | Pra\u00e7a de Touros de Sevilha","isPartOf":{"@id":"https:\/\/plazatorossevilla.com\/pt-pt\/#website"},"datePublished":"2026-03-18T15:32:33+00:00","dateModified":"2026-04-20T14:09:24+00:00","description":"[Email: info@plazatorossevilla.com - Tel: +34 675 247 690] Contacte-nos e entraremos em contacto consigo o mais rapidamente poss\u00edvel","breadcrumb":{"@id":"https:\/\/plazatorossevilla.com\/pt-pt\/contacto\/#breadcrumb"},"inLanguage":"pt-PT","potentialAction":[{"@type":"ReadAction","target":["https:\/\/plazatorossevilla.com\/pt-pt\/contacto\/"]}]},{"@type":"BreadcrumbList","@id":"https:\/\/plazatorossevilla.com\/pt-pt\/contacto\/#breadcrumb","itemListElement":[{"@type":"ListItem","position":1,"name":"Portada","item":"https:\/\/plazatorossevilla.com\/pt-pt\/"},{"@type":"ListItem","position":2,"name":"Contacto"}]},{"@type":"WebSite","@id":"https:\/\/plazatorossevilla.com\/pt-pt\/#website","url":"https:\/\/plazatorossevilla.com\/pt-pt\/","name":"Plaza Toros Sevilla","description":"Entradas a corridas de toros en Sevilla, Plaza de Toros La Maestranza","publisher":{"@id":"https:\/\/plazatorossevilla.com\/pt-pt\/#organization"},"potentialAction":[{"@type":"SearchAction","target":{"@type":"EntryPoint","urlTemplate":"https:\/\/plazatorossevilla.com\/pt-pt\/?s={search_term_string}"},"query-input":{"@type":"PropertyValueSpecification","valueRequired":true,"valueName":"search_term_string"}}],"inLanguage":"pt-PT"},{"@type":"Organization","@id":"https:\/\/plazatorossevilla.com\/pt-pt\/#organization","name":"Plaza Toros Sevilla","url":"https:\/\/plazatorossevilla.com\/pt-pt\/","logo":{"@type":"ImageObject","inLanguage":"pt-PT","@id":"https:\/\/plazatorossevilla.com\/pt-pt\/#\/schema\/logo\/image\/","url":"https:\/\/plazatorossevilla.com\/wp-content\/uploads\/2026\/03\/Logo-plaza-toros-sevilla.webp","contentUrl":"https:\/\/plazatorossevilla.com\/wp-content\/uploads\/2026\/03\/Logo-plaza-toros-sevilla.webp","width":286,"height":200,"caption":"Plaza Toros Sevilla"},"image":{"@id":"https:\/\/plazatorossevilla.com\/pt-pt\/#\/schema\/logo\/image\/"}}]}},"_links":{"self":[{"href":"https:\/\/plazatorossevilla.com\/pt-pt\/wp-json\/wp\/v2\/pages\/3563","targetHints":{"allow":["GET"]}}],"collection":[{"href":"https:\/\/plazatorossevilla.com\/pt-pt\/wp-json\/wp\/v2\/pages"}],"about":[{"href":"https:\/\/plazatorossevilla.com\/pt-pt\/wp-json\/wp\/v2\/types\/page"}],"author":[{"embeddable":true,"href":"https:\/\/plazatorossevilla.com\/pt-pt\/wp-json\/wp\/v2\/users\/2"}],"replies":[{"embeddable":true,"href":"https:\/\/plazatorossevilla.com\/pt-pt\/wp-json\/wp\/v2\/comments?post=3563"}],"version-history":[{"count":1,"href":"https:\/\/plazatorossevilla.com\/pt-pt\/wp-json\/wp\/v2\/pages\/3563\/revisions"}],"predecessor-version":[{"id":3566,"href":"https:\/\/plazatorossevilla.com\/pt-pt\/wp-json\/wp\/v2\/pages\/3563\/revisions\/3566"}],"wp:attachment":[{"href":"https:\/\/plazatorossevilla.com\/pt-pt\/wp-json\/wp\/v2\/media?parent=3563"}],"curies":[{"name":"wp","href":"https:\/\/api.w.org\/{rel}","templated":true}]}}