{"id":3560,"date":"2026-03-18T15:12:30","date_gmt":"2026-03-18T15:12:30","guid":{"rendered":"https:\/\/plazatorossevilla.com\/aviso-legal\/"},"modified":"2026-04-20T14:09:24","modified_gmt":"2026-04-20T14:09:24","slug":"aviso-legal","status":"publish","type":"page","link":"https:\/\/plazatorossevilla.com\/pt-pt\/aviso-legal\/","title":{"rendered":"Aviso legal"},"content":{"rendered":"<section class=\"l-section wpb_row height_medium\"><div class=\"l-section-h i-cf\"><div class=\"g-cols vc_row via_grid cols_1 laptops-cols_inherit tablets-cols_inherit mobiles-cols_1 valign_top type_default stacking_default\"><div class=\"wpb_column vc_column_container\"><div class=\"vc_column-inner\"><div class=\"wpb_text_column\"><div class=\"wpb_wrapper\"><h1>AVISO LEGAL<\/h1>\n<p>Em cumprimento do dever de informa\u00e7\u00e3o estabelecido no artigo 10.\u00ba da Lei 34\/2002, de 11 de julho, de Servi\u00e7os da Sociedade da Informa\u00e7\u00e3o e do Com\u00e9rcio Eletr\u00f3nico (LSSICE), o propriet\u00e1rio do s\u00edtio Web informa-o do seguinte:<\/p>\n<ul>\n<li>\n<ul>\n<li>Denomina\u00e7\u00e3o social: Toroshopping, S.L.<\/li>\n<li>NIF: B92950146<\/li>\n<li>Domic\u00edlio: Centro Melior Vasari. Urbanizaci\u00f3n La Alzambra, 3, Local 1, 29660 \u2013 Marbella (M\u00e1laga) <\/li>\n<\/ul>\n<\/li>\n<\/ul>\n<p>Inscrita no Registo Comercial de M\u00e1laga no Tomo 4566, f\u00f3lio 11, sec\u00e7\u00e3o , folha n\u00famero MA-98915, inscri\u00e7\u00e3o 1<\/p>\n<p>Dentro dos limites estabelecidos na lei, a Toroshopping, S.L. n\u00e3o assume qualquer responsabilidade decorrente da falta de veracidade, integridade, atualiza\u00e7\u00e3o e precis\u00e3o dos dados ou informa\u00e7\u00f5es contidos nas suas p\u00e1ginas Web.<\/p>\n<p>Os conte\u00fados e informa\u00e7\u00f5es n\u00e3o vinculam a Toroshopping, S.L. nem constituem opini\u00f5es, conselhos ou assessoria jur\u00eddica de qualquer tipo, tratando-se meramente de um servi\u00e7o oferecido com car\u00e1cter informativo e divulgativo.<\/p>\n<p>As p\u00e1ginas de Internet da Toroshopping, S.L. podem conter liga\u00e7\u00f5es (links) para outras p\u00e1ginas de terceiros que a Toroshopping, S.L. n\u00e3o pode controlar. Por conseguinte, a Toroshopping, S.L. n\u00e3o pode assumir responsabilidades pelo conte\u00fado que possa aparecer em p\u00e1ginas de terceiros. <\/p>\n<p>Os textos, imagens, sons, anima\u00e7\u00f5es, software e os restantes conte\u00fados inclu\u00eddos neste website s\u00e3o propriedade exclusiva da Toroshopping, S.L. ou dos seus licenciantes. Qualquer ato de transmiss\u00e3o, distribui\u00e7\u00e3o, ced\u00eancia, reprodu\u00e7\u00e3o, armazenamento ou comunica\u00e7\u00e3o p\u00fablica total ou parcial, dever\u00e1 contar com o consentimento expresso da Toroshopping, S.L.. <\/p>\n<p>Da mesma forma, para aceder a alguns dos servi\u00e7os que a Toroshopping, S.L. oferece atrav\u00e9s do s\u00edtio Web, dever\u00e1 fornecer alguns dados de car\u00e1cter pessoal. Em cumprimento do estabelecido no Regulamento (UE) 2016\/679 do Parlamento Europeu e do Conselho, de 27 de abril de 2016, relativo \u00e0 prote\u00e7\u00e3o das pessoas singulares no que diz respeito ao tratamento de dados pessoais e \u00e0 livre circula\u00e7\u00e3o desses dados, informamos que, atrav\u00e9s do preenchimento dos presentes formul\u00e1rios, os seus dados pessoais ficar\u00e3o incorporados e ser\u00e3o tratados nos ficheiros da Toroshopping, S.L. com a finalidade de lhe poder prestar e oferecer os nossos servi\u00e7os, bem como para o informar sobre melhorias no s\u00edtio Web. <\/p>\n<p>Informamos tamb\u00e9m que ter\u00e1 a possibilidade de exercer, a qualquer momento, os direitos de acesso, retifica\u00e7\u00e3o, cancelamento, oposi\u00e7\u00e3o, limita\u00e7\u00e3o e portabilidade dos seus dados de car\u00e1cter pessoal, de forma gratuita, atrav\u00e9s do e-mail: <a href=\"mailto:info@toroshopping.com\" target=\"_blank\" rel=\"noopener\">info@toroshopping.com<\/a> ou na morada: Centro Melior Vasari. Urbanizaci\u00f3n La Alzambra, 3, Local 1, 29660 \u2013 Marbella (M\u00e1laga).<\/p>\n<\/div><\/div><\/div><\/div><\/div><\/div><\/section>\n","protected":false},"excerpt":{"rendered":"AVISO LEGAL Em cumprimento do dever de informa\u00e7\u00e3o estabelecido no artigo 10.\u00ba da Lei 34\/2002, de 11 de julho, de Servi\u00e7os da Sociedade da Informa\u00e7\u00e3o e do Com\u00e9rcio Eletr\u00f3nico (LSSICE), o propriet\u00e1rio do s\u00edtio Web informa-o do seguinte: Denomina\u00e7\u00e3o social: Toroshopping, S.L. NIF: B92950146 Domic\u00edlio: Centro Melior Vasari. Urbanizaci\u00f3n La Alzambra, 3, Local 1, 29660...","protected":false},"author":2,"featured_media":0,"parent":0,"menu_order":0,"comment_status":"closed","ping_status":"closed","template":"","meta":{"footnotes":""},"class_list":["post-3560","page","type-page","status-publish","hentry"],"yoast_head":"<!-- This site is optimized with the Yoast SEO plugin v27.4 - https:\/\/yoast.com\/product\/yoast-seo-wordpress\/ -->\n<title>Aviso legal - Plaza Toros Sevilla<\/title>\n<meta name=\"robots\" content=\"noindex, follow\" \/>\n<meta property=\"og:locale\" content=\"pt_PT\" \/>\n<meta property=\"og:type\" content=\"article\" \/>\n<meta property=\"og:title\" content=\"Aviso legal - Plaza Toros Sevilla\" \/>\n<meta property=\"og:url\" content=\"https:\/\/plazatorossevilla.com\/pt-pt\/aviso-legal\/\" \/>\n<meta property=\"og:site_name\" content=\"Plaza Toros Sevilla\" \/>\n<meta property=\"article:modified_time\" content=\"2026-04-20T14:09:24+00:00\" \/>\n<meta name=\"twitter:card\" content=\"summary_large_image\" \/>\n<meta name=\"twitter:label1\" content=\"Tempo estimado de leitura\" \/>\n\t<meta name=\"twitter:data1\" content=\"2 minutos\" \/>\n<script type=\"application\/ld+json\" class=\"yoast-schema-graph\">{\"@context\":\"https:\\\/\\\/schema.org\",\"@graph\":[{\"@type\":\"WebPage\",\"@id\":\"https:\\\/\\\/plazatorossevilla.com\\\/pt-pt\\\/aviso-legal\\\/\",\"url\":\"https:\\\/\\\/plazatorossevilla.com\\\/pt-pt\\\/aviso-legal\\\/\",\"name\":\"Aviso legal - Plaza Toros Sevilla\",\"isPartOf\":{\"@id\":\"https:\\\/\\\/plazatorossevilla.com\\\/pt-pt\\\/#website\"},\"datePublished\":\"2026-03-18T15:12:30+00:00\",\"dateModified\":\"2026-04-20T14:09:24+00:00\",\"breadcrumb\":{\"@id\":\"https:\\\/\\\/plazatorossevilla.com\\\/pt-pt\\\/aviso-legal\\\/#breadcrumb\"},\"inLanguage\":\"pt-PT\",\"potentialAction\":[{\"@type\":\"ReadAction\",\"target\":[\"https:\\\/\\\/plazatorossevilla.com\\\/pt-pt\\\/aviso-legal\\\/\"]}]},{\"@type\":\"BreadcrumbList\",\"@id\":\"https:\\\/\\\/plazatorossevilla.com\\\/pt-pt\\\/aviso-legal\\\/#breadcrumb\",\"itemListElement\":[{\"@type\":\"ListItem\",\"position\":1,\"name\":\"Portada\",\"item\":\"https:\\\/\\\/plazatorossevilla.com\\\/pt-pt\\\/\"},{\"@type\":\"ListItem\",\"position\":2,\"name\":\"Aviso legal\"}]},{\"@type\":\"WebSite\",\"@id\":\"https:\\\/\\\/plazatorossevilla.com\\\/pt-pt\\\/#website\",\"url\":\"https:\\\/\\\/plazatorossevilla.com\\\/pt-pt\\\/\",\"name\":\"Plaza Toros Sevilla\",\"description\":\"Entradas a corridas de toros en Sevilla, Plaza de Toros La Maestranza\",\"publisher\":{\"@id\":\"https:\\\/\\\/plazatorossevilla.com\\\/pt-pt\\\/#organization\"},\"potentialAction\":[{\"@type\":\"SearchAction\",\"target\":{\"@type\":\"EntryPoint\",\"urlTemplate\":\"https:\\\/\\\/plazatorossevilla.com\\\/pt-pt\\\/?s={search_term_string}\"},\"query-input\":{\"@type\":\"PropertyValueSpecification\",\"valueRequired\":true,\"valueName\":\"search_term_string\"}}],\"inLanguage\":\"pt-PT\"},{\"@type\":\"Organization\",\"@id\":\"https:\\\/\\\/plazatorossevilla.com\\\/pt-pt\\\/#organization\",\"name\":\"Plaza Toros Sevilla\",\"url\":\"https:\\\/\\\/plazatorossevilla.com\\\/pt-pt\\\/\",\"logo\":{\"@type\":\"ImageObject\",\"inLanguage\":\"pt-PT\",\"@id\":\"https:\\\/\\\/plazatorossevilla.com\\\/pt-pt\\\/#\\\/schema\\\/logo\\\/image\\\/\",\"url\":\"https:\\\/\\\/plazatorossevilla.com\\\/wp-content\\\/uploads\\\/2026\\\/03\\\/Logo-plaza-toros-sevilla.webp\",\"contentUrl\":\"https:\\\/\\\/plazatorossevilla.com\\\/wp-content\\\/uploads\\\/2026\\\/03\\\/Logo-plaza-toros-sevilla.webp\",\"width\":286,\"height\":200,\"caption\":\"Plaza Toros Sevilla\"},\"image\":{\"@id\":\"https:\\\/\\\/plazatorossevilla.com\\\/pt-pt\\\/#\\\/schema\\\/logo\\\/image\\\/\"}}]}<\/script>\n<!-- \/ Yoast SEO plugin. -->","yoast_head_json":{"title":"Aviso legal - Plaza Toros Sevilla","robots":{"index":"noindex","follow":"follow"},"og_locale":"pt_PT","og_type":"article","og_title":"Aviso legal - Plaza Toros Sevilla","og_url":"https:\/\/plazatorossevilla.com\/pt-pt\/aviso-legal\/","og_site_name":"Plaza Toros Sevilla","article_modified_time":"2026-04-20T14:09:24+00:00","twitter_card":"summary_large_image","twitter_misc":{"Tempo estimado de leitura":"2 minutos"},"schema":{"@context":"https:\/\/schema.org","@graph":[{"@type":"WebPage","@id":"https:\/\/plazatorossevilla.com\/pt-pt\/aviso-legal\/","url":"https:\/\/plazatorossevilla.com\/pt-pt\/aviso-legal\/","name":"Aviso legal - Plaza Toros Sevilla","isPartOf":{"@id":"https:\/\/plazatorossevilla.com\/pt-pt\/#website"},"datePublished":"2026-03-18T15:12:30+00:00","dateModified":"2026-04-20T14:09:24+00:00","breadcrumb":{"@id":"https:\/\/plazatorossevilla.com\/pt-pt\/aviso-legal\/#breadcrumb"},"inLanguage":"pt-PT","potentialAction":[{"@type":"ReadAction","target":["https:\/\/plazatorossevilla.com\/pt-pt\/aviso-legal\/"]}]},{"@type":"BreadcrumbList","@id":"https:\/\/plazatorossevilla.com\/pt-pt\/aviso-legal\/#breadcrumb","itemListElement":[{"@type":"ListItem","position":1,"name":"Portada","item":"https:\/\/plazatorossevilla.com\/pt-pt\/"},{"@type":"ListItem","position":2,"name":"Aviso legal"}]},{"@type":"WebSite","@id":"https:\/\/plazatorossevilla.com\/pt-pt\/#website","url":"https:\/\/plazatorossevilla.com\/pt-pt\/","name":"Plaza Toros Sevilla","description":"Entradas a corridas de toros en Sevilla, Plaza de Toros La Maestranza","publisher":{"@id":"https:\/\/plazatorossevilla.com\/pt-pt\/#organization"},"potentialAction":[{"@type":"SearchAction","target":{"@type":"EntryPoint","urlTemplate":"https:\/\/plazatorossevilla.com\/pt-pt\/?s={search_term_string}"},"query-input":{"@type":"PropertyValueSpecification","valueRequired":true,"valueName":"search_term_string"}}],"inLanguage":"pt-PT"},{"@type":"Organization","@id":"https:\/\/plazatorossevilla.com\/pt-pt\/#organization","name":"Plaza Toros Sevilla","url":"https:\/\/plazatorossevilla.com\/pt-pt\/","logo":{"@type":"ImageObject","inLanguage":"pt-PT","@id":"https:\/\/plazatorossevilla.com\/pt-pt\/#\/schema\/logo\/image\/","url":"https:\/\/plazatorossevilla.com\/wp-content\/uploads\/2026\/03\/Logo-plaza-toros-sevilla.webp","contentUrl":"https:\/\/plazatorossevilla.com\/wp-content\/uploads\/2026\/03\/Logo-plaza-toros-sevilla.webp","width":286,"height":200,"caption":"Plaza Toros Sevilla"},"image":{"@id":"https:\/\/plazatorossevilla.com\/pt-pt\/#\/schema\/logo\/image\/"}}]}},"_links":{"self":[{"href":"https:\/\/plazatorossevilla.com\/pt-pt\/wp-json\/wp\/v2\/pages\/3560","targetHints":{"allow":["GET"]}}],"collection":[{"href":"https:\/\/plazatorossevilla.com\/pt-pt\/wp-json\/wp\/v2\/pages"}],"about":[{"href":"https:\/\/plazatorossevilla.com\/pt-pt\/wp-json\/wp\/v2\/types\/page"}],"author":[{"embeddable":true,"href":"https:\/\/plazatorossevilla.com\/pt-pt\/wp-json\/wp\/v2\/users\/2"}],"replies":[{"embeddable":true,"href":"https:\/\/plazatorossevilla.com\/pt-pt\/wp-json\/wp\/v2\/comments?post=3560"}],"version-history":[{"count":8,"href":"https:\/\/plazatorossevilla.com\/pt-pt\/wp-json\/wp\/v2\/pages\/3560\/revisions"}],"predecessor-version":[{"id":3575,"href":"https:\/\/plazatorossevilla.com\/pt-pt\/wp-json\/wp\/v2\/pages\/3560\/revisions\/3575"}],"wp:attachment":[{"href":"https:\/\/plazatorossevilla.com\/pt-pt\/wp-json\/wp\/v2\/media?parent=3560"}],"curies":[{"name":"wp","href":"https:\/\/api.w.org\/{rel}","templated":true}]}}