{"id":3454,"date":"2026-03-23T12:01:12","date_gmt":"2026-03-23T12:01:12","guid":{"rendered":"https:\/\/plazatorossevilla.com\/entrega-e-comissoes-dos-bilhetes\/"},"modified":"2026-04-20T14:08:06","modified_gmt":"2026-04-20T14:08:06","slug":"entrega-e-comissoes-dos-bilhetes","status":"publish","type":"page","link":"https:\/\/plazatorossevilla.com\/pt-pt\/entrega-e-comissoes-dos-bilhetes\/","title":{"rendered":"entrega e comiss\u00f5es dos bilhetes"},"content":{"rendered":"<section class=\"l-section wpb_row height_medium\"><div class=\"l-section-h i-cf\"><div class=\"g-cols vc_row via_grid cols_1 laptops-cols_inherit tablets-cols_inherit mobiles-cols_1 valign_top type_default stacking_default\"><div class=\"wpb_column vc_column_container\"><div class=\"vc_column-inner\"><div class=\"wpb_text_column\"><div class=\"wpb_wrapper\"><h1>Data de entrega e comiss\u00f5es dos bilhetes<\/h1>\n<h3>Data de entrega:<\/h3>\n<p>Os bilhetes ser\u00e3o enviados em formato PDF para o e-mail 1 semana antes da realiza\u00e7\u00e3o do evento. Recomendamos que verifiques a pasta de spam do teu e-mail. <\/p>\n<h3>Comiss\u00f5es de venda<\/h3>\n<p>Os bilhetes t\u00eam uma comiss\u00e3o de 10 % de comiss\u00e3o de venda que \u00e9 adicionada na p\u00e1gina de pagamento.<\/p>\n<h3>Devolu\u00e7\u00f5es<\/h3>\n<div>\n<div>A admiss\u00e3o na pra\u00e7a e, se for o caso, a devolu\u00e7\u00e3o do seu montante conforme a legisla\u00e7\u00e3o vigente (Art.\u00ba 70 RTA), fica dependente de possu\u00edres o bilhete oficial, completo, \u00edntegro e n\u00e3o manipulado. <\/div>\n<\/div>\n<div><\/div>\n<div>\n<div>O prazo para a devolu\u00e7\u00e3o do montante ter\u00e1 in\u00edcio a partir do momento em que for anunciada a suspens\u00e3o, adiamento ou modifica\u00e7\u00e3o e terminar\u00e1 4 dias ap\u00f3s a data fixada para a realiza\u00e7\u00e3o do espet\u00e1culo ou 1 hora antes do in\u00edcio do mesmo em caso de modifica\u00e7\u00e3o (Art.\u00ba 70 RTA).<\/div>\n<div><\/div>\n<div>Se o espet\u00e1culo for suspenso por causas n\u00e3o imput\u00e1veis \u00e0 empresa ou por mau tempo, ap\u00f3s a sa\u00edda da primeira r\u00eas para a arena, o espetador n\u00e3o ter\u00e1 direito a qualquer devolu\u00e7\u00e3o (Art.\u00ba 70 RTA).<\/div>\n<\/div>\n<\/div><\/div><div class=\"w-separator size_medium\"><\/div><div class=\"w-btn-wrapper align_none\"><a class=\"w-btn us-btn-style_1\" href=\"https:\/\/plazatorossevilla.com\/entradas-corridas-de-toros\/\"><span class=\"w-btn-label\">Comprar bilhetes<\/span><\/a><\/div><\/div><\/div><\/div><\/div><\/section>\n","protected":false},"excerpt":{"rendered":"Data de entrega e comiss\u00f5es dos bilhetes Data de entrega: Os bilhetes ser\u00e3o enviados em formato PDF para o e-mail 1 semana antes da realiza\u00e7\u00e3o do evento. Recomendamos que verifiques a pasta de spam do teu e-mail. Comiss\u00f5es de venda Os bilhetes t\u00eam uma comiss\u00e3o de 10 % de comiss\u00e3o de venda que \u00e9 adicionada...","protected":false},"author":2,"featured_media":0,"parent":0,"menu_order":0,"comment_status":"closed","ping_status":"closed","template":"","meta":{"footnotes":""},"class_list":["post-3454","page","type-page","status-publish","hentry"],"yoast_head":"<!-- This site is optimized with the Yoast SEO plugin v27.4 - https:\/\/yoast.com\/product\/yoast-seo-wordpress\/ -->\n<title>Data de entrega e comiss\u00f5es dos bilhetes | La Maestranza<\/title>\n<meta name=\"description\" content=\"Consulta as datas de entrega dos bilhetes para os toiros de Sevilha, bem como as comiss\u00f5es inclu\u00eddas no bilhete de toiros\" \/>\n<meta name=\"robots\" content=\"index, follow, max-snippet:-1, max-image-preview:large, max-video-preview:-1\" \/>\n<link rel=\"canonical\" href=\"https:\/\/plazatorossevilla.com\/pt-pt\/entrega-e-comissoes-dos-bilhetes\/\" \/>\n<meta property=\"og:locale\" content=\"pt_PT\" \/>\n<meta property=\"og:type\" content=\"article\" \/>\n<meta property=\"og:title\" content=\"Data de entrega e comiss\u00f5es dos bilhetes | La Maestranza\" \/>\n<meta property=\"og:description\" content=\"Consulta as datas de entrega dos bilhetes para os toiros de Sevilha, bem como as comiss\u00f5es inclu\u00eddas no bilhete de toiros\" \/>\n<meta property=\"og:url\" content=\"https:\/\/plazatorossevilla.com\/pt-pt\/entrega-e-comissoes-dos-bilhetes\/\" \/>\n<meta property=\"og:site_name\" content=\"Plaza Toros Sevilla\" \/>\n<meta property=\"article:modified_time\" content=\"2026-04-20T14:08:06+00:00\" \/>\n<meta name=\"twitter:card\" content=\"summary_large_image\" \/>\n<meta name=\"twitter:label1\" content=\"Tempo estimado de leitura\" \/>\n\t<meta name=\"twitter:data1\" content=\"1 minuto\" \/>\n<script type=\"application\/ld+json\" class=\"yoast-schema-graph\">{\"@context\":\"https:\\\/\\\/schema.org\",\"@graph\":[{\"@type\":\"WebPage\",\"@id\":\"https:\\\/\\\/plazatorossevilla.com\\\/pt-pt\\\/entrega-e-comissoes-dos-bilhetes\\\/\",\"url\":\"https:\\\/\\\/plazatorossevilla.com\\\/pt-pt\\\/entrega-e-comissoes-dos-bilhetes\\\/\",\"name\":\"Data de entrega e comiss\u00f5es dos bilhetes | La Maestranza\",\"isPartOf\":{\"@id\":\"https:\\\/\\\/plazatorossevilla.com\\\/pt-pt\\\/#website\"},\"datePublished\":\"2026-03-23T12:01:12+00:00\",\"dateModified\":\"2026-04-20T14:08:06+00:00\",\"description\":\"Consulta as datas de entrega dos bilhetes para os toiros de Sevilha, bem como as comiss\u00f5es inclu\u00eddas no bilhete de toiros\",\"breadcrumb\":{\"@id\":\"https:\\\/\\\/plazatorossevilla.com\\\/pt-pt\\\/entrega-e-comissoes-dos-bilhetes\\\/#breadcrumb\"},\"inLanguage\":\"pt-PT\",\"potentialAction\":[{\"@type\":\"ReadAction\",\"target\":[\"https:\\\/\\\/plazatorossevilla.com\\\/pt-pt\\\/entrega-e-comissoes-dos-bilhetes\\\/\"]}]},{\"@type\":\"BreadcrumbList\",\"@id\":\"https:\\\/\\\/plazatorossevilla.com\\\/pt-pt\\\/entrega-e-comissoes-dos-bilhetes\\\/#breadcrumb\",\"itemListElement\":[{\"@type\":\"ListItem\",\"position\":1,\"name\":\"Portada\",\"item\":\"https:\\\/\\\/plazatorossevilla.com\\\/pt-pt\\\/\"},{\"@type\":\"ListItem\",\"position\":2,\"name\":\"entrega e comiss\u00f5es dos bilhetes\"}]},{\"@type\":\"WebSite\",\"@id\":\"https:\\\/\\\/plazatorossevilla.com\\\/pt-pt\\\/#website\",\"url\":\"https:\\\/\\\/plazatorossevilla.com\\\/pt-pt\\\/\",\"name\":\"Plaza Toros Sevilla\",\"description\":\"Entradas a corridas de toros en Sevilla, Plaza de Toros La Maestranza\",\"publisher\":{\"@id\":\"https:\\\/\\\/plazatorossevilla.com\\\/pt-pt\\\/#organization\"},\"potentialAction\":[{\"@type\":\"SearchAction\",\"target\":{\"@type\":\"EntryPoint\",\"urlTemplate\":\"https:\\\/\\\/plazatorossevilla.com\\\/pt-pt\\\/?s={search_term_string}\"},\"query-input\":{\"@type\":\"PropertyValueSpecification\",\"valueRequired\":true,\"valueName\":\"search_term_string\"}}],\"inLanguage\":\"pt-PT\"},{\"@type\":\"Organization\",\"@id\":\"https:\\\/\\\/plazatorossevilla.com\\\/pt-pt\\\/#organization\",\"name\":\"Plaza Toros Sevilla\",\"url\":\"https:\\\/\\\/plazatorossevilla.com\\\/pt-pt\\\/\",\"logo\":{\"@type\":\"ImageObject\",\"inLanguage\":\"pt-PT\",\"@id\":\"https:\\\/\\\/plazatorossevilla.com\\\/pt-pt\\\/#\\\/schema\\\/logo\\\/image\\\/\",\"url\":\"https:\\\/\\\/plazatorossevilla.com\\\/wp-content\\\/uploads\\\/2026\\\/03\\\/Logo-plaza-toros-sevilla.webp\",\"contentUrl\":\"https:\\\/\\\/plazatorossevilla.com\\\/wp-content\\\/uploads\\\/2026\\\/03\\\/Logo-plaza-toros-sevilla.webp\",\"width\":286,\"height\":200,\"caption\":\"Plaza Toros Sevilla\"},\"image\":{\"@id\":\"https:\\\/\\\/plazatorossevilla.com\\\/pt-pt\\\/#\\\/schema\\\/logo\\\/image\\\/\"}}]}<\/script>\n<!-- \/ Yoast SEO plugin. -->","yoast_head_json":{"title":"Data de entrega e comiss\u00f5es dos bilhetes | La Maestranza","description":"Consulta as datas de entrega dos bilhetes para os toiros de Sevilha, bem como as comiss\u00f5es inclu\u00eddas no bilhete de toiros","robots":{"index":"index","follow":"follow","max-snippet":"max-snippet:-1","max-image-preview":"max-image-preview:large","max-video-preview":"max-video-preview:-1"},"canonical":"https:\/\/plazatorossevilla.com\/pt-pt\/entrega-e-comissoes-dos-bilhetes\/","og_locale":"pt_PT","og_type":"article","og_title":"Data de entrega e comiss\u00f5es dos bilhetes | La Maestranza","og_description":"Consulta as datas de entrega dos bilhetes para os toiros de Sevilha, bem como as comiss\u00f5es inclu\u00eddas no bilhete de toiros","og_url":"https:\/\/plazatorossevilla.com\/pt-pt\/entrega-e-comissoes-dos-bilhetes\/","og_site_name":"Plaza Toros Sevilla","article_modified_time":"2026-04-20T14:08:06+00:00","twitter_card":"summary_large_image","twitter_misc":{"Tempo estimado de leitura":"1 minuto"},"schema":{"@context":"https:\/\/schema.org","@graph":[{"@type":"WebPage","@id":"https:\/\/plazatorossevilla.com\/pt-pt\/entrega-e-comissoes-dos-bilhetes\/","url":"https:\/\/plazatorossevilla.com\/pt-pt\/entrega-e-comissoes-dos-bilhetes\/","name":"Data de entrega e comiss\u00f5es dos bilhetes | La Maestranza","isPartOf":{"@id":"https:\/\/plazatorossevilla.com\/pt-pt\/#website"},"datePublished":"2026-03-23T12:01:12+00:00","dateModified":"2026-04-20T14:08:06+00:00","description":"Consulta as datas de entrega dos bilhetes para os toiros de Sevilha, bem como as comiss\u00f5es inclu\u00eddas no bilhete de toiros","breadcrumb":{"@id":"https:\/\/plazatorossevilla.com\/pt-pt\/entrega-e-comissoes-dos-bilhetes\/#breadcrumb"},"inLanguage":"pt-PT","potentialAction":[{"@type":"ReadAction","target":["https:\/\/plazatorossevilla.com\/pt-pt\/entrega-e-comissoes-dos-bilhetes\/"]}]},{"@type":"BreadcrumbList","@id":"https:\/\/plazatorossevilla.com\/pt-pt\/entrega-e-comissoes-dos-bilhetes\/#breadcrumb","itemListElement":[{"@type":"ListItem","position":1,"name":"Portada","item":"https:\/\/plazatorossevilla.com\/pt-pt\/"},{"@type":"ListItem","position":2,"name":"entrega e comiss\u00f5es dos bilhetes"}]},{"@type":"WebSite","@id":"https:\/\/plazatorossevilla.com\/pt-pt\/#website","url":"https:\/\/plazatorossevilla.com\/pt-pt\/","name":"Plaza Toros Sevilla","description":"Entradas a corridas de toros en Sevilla, Plaza de Toros La Maestranza","publisher":{"@id":"https:\/\/plazatorossevilla.com\/pt-pt\/#organization"},"potentialAction":[{"@type":"SearchAction","target":{"@type":"EntryPoint","urlTemplate":"https:\/\/plazatorossevilla.com\/pt-pt\/?s={search_term_string}"},"query-input":{"@type":"PropertyValueSpecification","valueRequired":true,"valueName":"search_term_string"}}],"inLanguage":"pt-PT"},{"@type":"Organization","@id":"https:\/\/plazatorossevilla.com\/pt-pt\/#organization","name":"Plaza Toros Sevilla","url":"https:\/\/plazatorossevilla.com\/pt-pt\/","logo":{"@type":"ImageObject","inLanguage":"pt-PT","@id":"https:\/\/plazatorossevilla.com\/pt-pt\/#\/schema\/logo\/image\/","url":"https:\/\/plazatorossevilla.com\/wp-content\/uploads\/2026\/03\/Logo-plaza-toros-sevilla.webp","contentUrl":"https:\/\/plazatorossevilla.com\/wp-content\/uploads\/2026\/03\/Logo-plaza-toros-sevilla.webp","width":286,"height":200,"caption":"Plaza Toros Sevilla"},"image":{"@id":"https:\/\/plazatorossevilla.com\/pt-pt\/#\/schema\/logo\/image\/"}}]}},"_links":{"self":[{"href":"https:\/\/plazatorossevilla.com\/pt-pt\/wp-json\/wp\/v2\/pages\/3454","targetHints":{"allow":["GET"]}}],"collection":[{"href":"https:\/\/plazatorossevilla.com\/pt-pt\/wp-json\/wp\/v2\/pages"}],"about":[{"href":"https:\/\/plazatorossevilla.com\/pt-pt\/wp-json\/wp\/v2\/types\/page"}],"author":[{"embeddable":true,"href":"https:\/\/plazatorossevilla.com\/pt-pt\/wp-json\/wp\/v2\/users\/2"}],"replies":[{"embeddable":true,"href":"https:\/\/plazatorossevilla.com\/pt-pt\/wp-json\/wp\/v2\/comments?post=3454"}],"version-history":[{"count":4,"href":"https:\/\/plazatorossevilla.com\/pt-pt\/wp-json\/wp\/v2\/pages\/3454\/revisions"}],"predecessor-version":[{"id":3462,"href":"https:\/\/plazatorossevilla.com\/pt-pt\/wp-json\/wp\/v2\/pages\/3454\/revisions\/3462"}],"wp:attachment":[{"href":"https:\/\/plazatorossevilla.com\/pt-pt\/wp-json\/wp\/v2\/media?parent=3454"}],"curies":[{"name":"wp","href":"https:\/\/api.w.org\/{rel}","templated":true}]}}