{"id":3166,"date":"2026-04-13T13:29:03","date_gmt":"2026-04-13T13:29:03","guid":{"rendered":"https:\/\/plazatorossevilla.com\/producto\/novillada-10-mai\/"},"modified":"2026-04-13T13:29:03","modified_gmt":"2026-04-13T13:29:03","slug":"novillada-10-mai","status":"publish","type":"product","link":"https:\/\/plazatorossevilla.com\/fr\/producto\/novillada-10-mai\/","title":{"rendered":"Novillada 10 mai"},"content":{"rendered":"<p>Achetez vos billets pour la corrida du 10 mai \u00e0 S\u00e9ville, la foire taurine la plus singuli\u00e8re de l\u2019ann\u00e9e aux ar\u00e8nes de La Maestranza.<\/p>\n<p>\ud83d\udcc5 Date : 10 mai 2026<br \/>\n\ud83d\udd55 Heure : 19 h 00<br \/>\n\ud83d\udccd Lieu : <span>P.\u00ba de Crist\u00f3bal Col\u00f3n, 12, Casco Antiguo, 41001 S\u00e9ville<\/span><br \/>\n\u23f1 Dur\u00e9e approximative : 2 \u00e0 2,5 heures<\/p>\n<p>Carlos Tirado, Mario Vilau et Julio M\u00e9ndez<\/p>\n","protected":false},"excerpt":{"rendered":"<h3 class=\"text-text-100 mt-2 -mb-1 text-base font-bold\"><img decoding=\"async\" class=\"emoji\" role=\"img\" draggable=\"false\" src=\"https:\/\/s.w.org\/images\/core\/emoji\/17.0.2\/svg\/2139.svg\" alt=\"\u2139\ufe0f\"><span> <\/span>Informations importantes sur votre achat<\/h3>\n<ul class=\"[li_&amp;]:mb-0 [li_&amp;]:mt-1 [li_&amp;]:gap-1 [&amp;:not(:last-child)_ul]:pb-1 [&amp;:not(:last-child)_ol]:pb-1 list-disc flex flex-col gap-1 pl-8 mb-3\">\n<li class=\"whitespace-normal break-words pl-2\"><strong>R\u00e9servation non num\u00e9rot\u00e9e :<\/strong><span> <\/span>en achetant, vous effectuez une r\u00e9servation de billet. Une fois les billets officiels \u00e9mis, les meilleures places disponibles dans la zone choisie vous seront attribu\u00e9es. <\/li>\n<li class=\"whitespace-normal break-words pl-2\"><strong>Si\u00e8ges cons\u00e9cutifs :<\/strong><span> <\/span>si vous achetez plusieurs billets, les places attribu\u00e9es seront toujours contigu\u00ebs.<\/li>\n<li class=\"whitespace-normal break-words pl-2\"><strong>Livraison :<\/strong><span> <\/span>vous recevrez vos billets au format PDF par e-mail quelques jours avant l\u2019\u00e9v\u00e9nement.<\/li>\n<li class=\"whitespace-normal break-words pl-2\"><strong>Frais de gestion :<\/strong><span> <\/span>ils sont ajout\u00e9s lors du processus de paiement. Consultez les commissions en vigueur. <\/li>\n<li class=\"whitespace-normal break-words pl-2\"><strong>Non remboursable :<\/strong><span> <\/span>les billets ne permettent ni \u00e9change ni remboursement, sauf en cas d\u2019annulation officielle de l\u2019\u00e9v\u00e9nement.<\/li>\n<\/ul>\n<div class=\"woocommerce-product-details__short-description\">\n<p><a href=\"https:\/\/plazatorossevilla.com\/fr\/frais-de-livraison-et-commissions-des-billets\/\">Consultez la date de livraison des billets et les commissions<\/a><\/p>\n<\/div>\n","protected":false},"featured_media":1379,"comment_status":"open","ping_status":"closed","template":"","meta":[],"product_brand":[],"product_cat":[33],"product_tag":[],"class_list":{"0":"post-3166","1":"product","2":"type-product","3":"status-publish","4":"has-post-thumbnail","6":"product_cat-non-classe","8":"first","9":"instock","10":"taxable","11":"shipping-taxable","12":"purchasable","13":"product-type-variable"},"yoast_head":"<!-- This site is optimized with the Yoast SEO plugin v27.4 - https:\/\/yoast.com\/product\/yoast-seo-wordpress\/ -->\n<title>Billets Novillada 10 mai 2026 | La Maestranza S\u00e9ville<\/title>\n<meta name=\"description\" content=\"Achetez vos billets pour la Novillada du 10 mai 2026 aux ar\u00e8nes de S\u00e9ville | Carlos Tirado, Mario Vilau et Julio M\u00e9ndez\" \/>\n<meta name=\"robots\" content=\"index, follow, max-snippet:-1, max-image-preview:large, max-video-preview:-1\" \/>\n<link rel=\"canonical\" href=\"https:\/\/plazatorossevilla.com\/fr\/producto\/novillada-10-mai\/\" \/>\n<meta property=\"og:locale\" content=\"fr_FR\" \/>\n<meta property=\"og:type\" content=\"article\" \/>\n<meta property=\"og:title\" content=\"Billets Novillada 10 mai 2026 | La Maestranza S\u00e9ville\" \/>\n<meta property=\"og:description\" content=\"Achetez vos billets pour la Novillada du 10 mai 2026 aux ar\u00e8nes de S\u00e9ville | Carlos Tirado, Mario Vilau et Julio M\u00e9ndez\" \/>\n<meta property=\"og:url\" content=\"https:\/\/plazatorossevilla.com\/fr\/producto\/novillada-10-mai\/\" \/>\n<meta property=\"og:site_name\" content=\"Plaza Toros Sevilla\" \/>\n<meta property=\"og:image\" content=\"https:\/\/plazatorossevilla.com\/wp-content\/uploads\/2026\/04\/Novillada-10-de-mayo.webp\" \/>\n\t<meta property=\"og:image:width\" content=\"500\" \/>\n\t<meta property=\"og:image:height\" content=\"500\" \/>\n\t<meta property=\"og:image:type\" content=\"image\/webp\" \/>\n<meta name=\"twitter:card\" content=\"summary_large_image\" \/>\n<script type=\"application\/ld+json\" class=\"yoast-schema-graph\">{\"@context\":\"https:\\\/\\\/schema.org\",\"@graph\":[{\"@type\":\"WebPage\",\"@id\":\"https:\\\/\\\/plazatorossevilla.com\\\/fr\\\/producto\\\/novillada-10-mai\\\/\",\"url\":\"https:\\\/\\\/plazatorossevilla.com\\\/fr\\\/producto\\\/novillada-10-mai\\\/\",\"name\":\"Billets Novillada 10 mai 2026 | La Maestranza S\u00e9ville\",\"isPartOf\":{\"@id\":\"https:\\\/\\\/plazatorossevilla.com\\\/fr\\\/#website\"},\"primaryImageOfPage\":{\"@id\":\"https:\\\/\\\/plazatorossevilla.com\\\/fr\\\/producto\\\/novillada-10-mai\\\/#primaryimage\"},\"image\":{\"@id\":\"https:\\\/\\\/plazatorossevilla.com\\\/fr\\\/producto\\\/novillada-10-mai\\\/#primaryimage\"},\"thumbnailUrl\":\"https:\\\/\\\/plazatorossevilla.com\\\/wp-content\\\/uploads\\\/2026\\\/04\\\/Novillada-10-de-mayo.webp\",\"datePublished\":\"2026-04-13T13:29:03+00:00\",\"description\":\"Achetez vos billets pour la Novillada du 10 mai 2026 aux ar\u00e8nes de S\u00e9ville | Carlos Tirado, Mario Vilau et Julio M\u00e9ndez\",\"breadcrumb\":{\"@id\":\"https:\\\/\\\/plazatorossevilla.com\\\/fr\\\/producto\\\/novillada-10-mai\\\/#breadcrumb\"},\"inLanguage\":\"fr-FR\",\"potentialAction\":[{\"@type\":\"ReadAction\",\"target\":[\"https:\\\/\\\/plazatorossevilla.com\\\/fr\\\/producto\\\/novillada-10-mai\\\/\"]}]},{\"@type\":\"ImageObject\",\"inLanguage\":\"fr-FR\",\"@id\":\"https:\\\/\\\/plazatorossevilla.com\\\/fr\\\/producto\\\/novillada-10-mai\\\/#primaryimage\",\"url\":\"https:\\\/\\\/plazatorossevilla.com\\\/wp-content\\\/uploads\\\/2026\\\/04\\\/Novillada-10-de-mayo.webp\",\"contentUrl\":\"https:\\\/\\\/plazatorossevilla.com\\\/wp-content\\\/uploads\\\/2026\\\/04\\\/Novillada-10-de-mayo.webp\",\"width\":500,\"height\":500,\"caption\":\"Novillada 10 de mayo sevilla\"},{\"@type\":\"BreadcrumbList\",\"@id\":\"https:\\\/\\\/plazatorossevilla.com\\\/fr\\\/producto\\\/novillada-10-mai\\\/#breadcrumb\",\"itemListElement\":[{\"@type\":\"ListItem\",\"position\":1,\"name\":\"Portada\",\"item\":\"https:\\\/\\\/plazatorossevilla.com\\\/fr\\\/\"},{\"@type\":\"ListItem\",\"position\":2,\"name\":\"Boutique\",\"item\":\"https:\\\/\\\/plazatorossevilla.com\\\/fr\\\/boutique\\\/\"},{\"@type\":\"ListItem\",\"position\":3,\"name\":\"Novillada 10 mai\"}]},{\"@type\":\"WebSite\",\"@id\":\"https:\\\/\\\/plazatorossevilla.com\\\/fr\\\/#website\",\"url\":\"https:\\\/\\\/plazatorossevilla.com\\\/fr\\\/\",\"name\":\"Plaza Toros Sevilla\",\"description\":\"\",\"publisher\":{\"@id\":\"https:\\\/\\\/plazatorossevilla.com\\\/fr\\\/#organization\"},\"potentialAction\":[{\"@type\":\"SearchAction\",\"target\":{\"@type\":\"EntryPoint\",\"urlTemplate\":\"https:\\\/\\\/plazatorossevilla.com\\\/fr\\\/?s={search_term_string}\"},\"query-input\":{\"@type\":\"PropertyValueSpecification\",\"valueRequired\":true,\"valueName\":\"search_term_string\"}}],\"inLanguage\":\"fr-FR\"},{\"@type\":\"Organization\",\"@id\":\"https:\\\/\\\/plazatorossevilla.com\\\/fr\\\/#organization\",\"name\":\"Plaza Toros Sevilla\",\"url\":\"https:\\\/\\\/plazatorossevilla.com\\\/fr\\\/\",\"logo\":{\"@type\":\"ImageObject\",\"inLanguage\":\"fr-FR\",\"@id\":\"https:\\\/\\\/plazatorossevilla.com\\\/fr\\\/#\\\/schema\\\/logo\\\/image\\\/\",\"url\":\"https:\\\/\\\/plazatorossevilla.com\\\/wp-content\\\/uploads\\\/2026\\\/03\\\/Logo-plaza-toros-sevilla.webp\",\"contentUrl\":\"https:\\\/\\\/plazatorossevilla.com\\\/wp-content\\\/uploads\\\/2026\\\/03\\\/Logo-plaza-toros-sevilla.webp\",\"width\":286,\"height\":200,\"caption\":\"Plaza Toros Sevilla\"},\"image\":{\"@id\":\"https:\\\/\\\/plazatorossevilla.com\\\/fr\\\/#\\\/schema\\\/logo\\\/image\\\/\"}}]}<\/script>\n<!-- \/ Yoast SEO plugin. -->","yoast_head_json":{"title":"Billets Novillada 10 mai 2026 | La Maestranza S\u00e9ville","description":"Achetez vos billets pour la Novillada du 10 mai 2026 aux ar\u00e8nes de S\u00e9ville | Carlos Tirado, Mario Vilau et Julio M\u00e9ndez","robots":{"index":"index","follow":"follow","max-snippet":"max-snippet:-1","max-image-preview":"max-image-preview:large","max-video-preview":"max-video-preview:-1"},"canonical":"https:\/\/plazatorossevilla.com\/fr\/producto\/novillada-10-mai\/","og_locale":"fr_FR","og_type":"article","og_title":"Billets Novillada 10 mai 2026 | La Maestranza S\u00e9ville","og_description":"Achetez vos billets pour la Novillada du 10 mai 2026 aux ar\u00e8nes de S\u00e9ville | Carlos Tirado, Mario Vilau et Julio M\u00e9ndez","og_url":"https:\/\/plazatorossevilla.com\/fr\/producto\/novillada-10-mai\/","og_site_name":"Plaza Toros Sevilla","og_image":[{"width":500,"height":500,"url":"https:\/\/plazatorossevilla.com\/wp-content\/uploads\/2026\/04\/Novillada-10-de-mayo.webp","type":"image\/webp"}],"twitter_card":"summary_large_image","schema":{"@context":"https:\/\/schema.org","@graph":[{"@type":"WebPage","@id":"https:\/\/plazatorossevilla.com\/fr\/producto\/novillada-10-mai\/","url":"https:\/\/plazatorossevilla.com\/fr\/producto\/novillada-10-mai\/","name":"Billets Novillada 10 mai 2026 | La Maestranza S\u00e9ville","isPartOf":{"@id":"https:\/\/plazatorossevilla.com\/fr\/#website"},"primaryImageOfPage":{"@id":"https:\/\/plazatorossevilla.com\/fr\/producto\/novillada-10-mai\/#primaryimage"},"image":{"@id":"https:\/\/plazatorossevilla.com\/fr\/producto\/novillada-10-mai\/#primaryimage"},"thumbnailUrl":"https:\/\/plazatorossevilla.com\/wp-content\/uploads\/2026\/04\/Novillada-10-de-mayo.webp","datePublished":"2026-04-13T13:29:03+00:00","description":"Achetez vos billets pour la Novillada du 10 mai 2026 aux ar\u00e8nes de S\u00e9ville | Carlos Tirado, Mario Vilau et Julio M\u00e9ndez","breadcrumb":{"@id":"https:\/\/plazatorossevilla.com\/fr\/producto\/novillada-10-mai\/#breadcrumb"},"inLanguage":"fr-FR","potentialAction":[{"@type":"ReadAction","target":["https:\/\/plazatorossevilla.com\/fr\/producto\/novillada-10-mai\/"]}]},{"@type":"ImageObject","inLanguage":"fr-FR","@id":"https:\/\/plazatorossevilla.com\/fr\/producto\/novillada-10-mai\/#primaryimage","url":"https:\/\/plazatorossevilla.com\/wp-content\/uploads\/2026\/04\/Novillada-10-de-mayo.webp","contentUrl":"https:\/\/plazatorossevilla.com\/wp-content\/uploads\/2026\/04\/Novillada-10-de-mayo.webp","width":500,"height":500,"caption":"Novillada 10 de mayo sevilla"},{"@type":"BreadcrumbList","@id":"https:\/\/plazatorossevilla.com\/fr\/producto\/novillada-10-mai\/#breadcrumb","itemListElement":[{"@type":"ListItem","position":1,"name":"Portada","item":"https:\/\/plazatorossevilla.com\/fr\/"},{"@type":"ListItem","position":2,"name":"Boutique","item":"https:\/\/plazatorossevilla.com\/fr\/boutique\/"},{"@type":"ListItem","position":3,"name":"Novillada 10 mai"}]},{"@type":"WebSite","@id":"https:\/\/plazatorossevilla.com\/fr\/#website","url":"https:\/\/plazatorossevilla.com\/fr\/","name":"Plaza Toros Sevilla","description":"","publisher":{"@id":"https:\/\/plazatorossevilla.com\/fr\/#organization"},"potentialAction":[{"@type":"SearchAction","target":{"@type":"EntryPoint","urlTemplate":"https:\/\/plazatorossevilla.com\/fr\/?s={search_term_string}"},"query-input":{"@type":"PropertyValueSpecification","valueRequired":true,"valueName":"search_term_string"}}],"inLanguage":"fr-FR"},{"@type":"Organization","@id":"https:\/\/plazatorossevilla.com\/fr\/#organization","name":"Plaza Toros Sevilla","url":"https:\/\/plazatorossevilla.com\/fr\/","logo":{"@type":"ImageObject","inLanguage":"fr-FR","@id":"https:\/\/plazatorossevilla.com\/fr\/#\/schema\/logo\/image\/","url":"https:\/\/plazatorossevilla.com\/wp-content\/uploads\/2026\/03\/Logo-plaza-toros-sevilla.webp","contentUrl":"https:\/\/plazatorossevilla.com\/wp-content\/uploads\/2026\/03\/Logo-plaza-toros-sevilla.webp","width":286,"height":200,"caption":"Plaza Toros Sevilla"},"image":{"@id":"https:\/\/plazatorossevilla.com\/fr\/#\/schema\/logo\/image\/"}}]}},"_links":{"self":[{"href":"https:\/\/plazatorossevilla.com\/fr\/wp-json\/wp\/v2\/product\/3166","targetHints":{"allow":["GET"]}}],"collection":[{"href":"https:\/\/plazatorossevilla.com\/fr\/wp-json\/wp\/v2\/product"}],"about":[{"href":"https:\/\/plazatorossevilla.com\/fr\/wp-json\/wp\/v2\/types\/product"}],"replies":[{"embeddable":true,"href":"https:\/\/plazatorossevilla.com\/fr\/wp-json\/wp\/v2\/comments?post=3166"}],"wp:featuredmedia":[{"embeddable":true,"href":"https:\/\/plazatorossevilla.com\/fr\/wp-json\/wp\/v2\/media\/1379"}],"wp:attachment":[{"href":"https:\/\/plazatorossevilla.com\/fr\/wp-json\/wp\/v2\/media?parent=3166"}],"wp:term":[{"taxonomy":"product_brand","embeddable":true,"href":"https:\/\/plazatorossevilla.com\/fr\/wp-json\/wp\/v2\/product_brand?post=3166"},{"taxonomy":"product_cat","embeddable":true,"href":"https:\/\/plazatorossevilla.com\/fr\/wp-json\/wp\/v2\/product_cat?post=3166"},{"taxonomy":"product_tag","embeddable":true,"href":"https:\/\/plazatorossevilla.com\/fr\/wp-json\/wp\/v2\/product_tag?post=3166"}],"curies":[{"name":"wp","href":"https:\/\/api.w.org\/{rel}","templated":true}]}}