{"id":2722,"date":"2026-04-13T13:29:03","date_gmt":"2026-04-13T13:29:03","guid":{"rendered":"https:\/\/plazatorossevilla.com\/producto\/novillada-10-mai\/"},"modified":"2026-04-13T13:29:03","modified_gmt":"2026-04-13T13:29:03","slug":"novillada-10-mai","status":"publish","type":"product","link":"https:\/\/plazatorossevilla.com\/de\/producto\/novillada-10-mai\/","title":{"rendered":"Novillada 10. Mai"},"content":{"rendered":"<p>Kaufen Sie Ihre Tickets f\u00fcr die Corrida de Toros am 10. Mai in Sevilla, das einzigartigste Stierkampffest des Jahres in der Plaza de Toros La Maestranza.<\/p>\n<p>\ud83d\udcc5 Datum: 10. Mai 2026<br \/>\n\ud83d\udd55 Uhrzeit: 19:00 Uhr<br \/>\n\ud83d\udccd Ort: <span>P.\u00ba de Crist\u00f3bal Col\u00f3n, 12, Casco Antiguo, 41001 Sevilla<\/span><br \/>\n\u23f1 Ungef\u00e4hre Dauer: 2 bis 2,5 Stunden<\/p>\n<p>Carlos Tirado, Mario Vilau und Julio M\u00e9ndez<\/p>\n","protected":false},"excerpt":{"rendered":"<h3 class=\"text-text-100 mt-2 -mb-1 text-base font-bold\"><img decoding=\"async\" class=\"emoji\" role=\"img\" draggable=\"false\" src=\"https:\/\/s.w.org\/images\/core\/emoji\/17.0.2\/svg\/2139.svg\" alt=\"\u2139\ufe0f\"><span> <\/span>Wichtige Informationen zu Ihrem Kauf<\/h3>\n<ul class=\"[li_&amp;]:mb-0 [li_&amp;]:mt-1 [li_&amp;]:gap-1 [&amp;:not(:last-child)_ul]:pb-1 [&amp;:not(:last-child)_ol]:pb-1 list-disc flex flex-col gap-1 pl-8 mb-3\">\n<li class=\"whitespace-normal break-words pl-2\"><strong>Nicht nummerierte Reservierung:<\/strong><span> <\/span>Mit dem Kauf nehmen Sie eine Ticketreservierung vor. Sobald die offiziellen Tickets ausgestellt sind, werden Ihnen die besten verf\u00fcgbaren Pl\u00e4tze im gew\u00e4hlten Bereich zugewiesen. <\/li>\n<li class=\"whitespace-normal break-words pl-2\"><strong>Zusammenh\u00e4ngende Pl\u00e4tze:<\/strong><span> <\/span>wenn Sie mehrere Tickets kaufen, sind die zugewiesenen Pl\u00e4tze immer nebeneinander.<\/li>\n<li class=\"whitespace-normal break-words pl-2\"><strong>Zustellung:<\/strong><span> <\/span>Sie erhalten Ihre Tickets einige Tage vor der Veranstaltung als PDF per E-Mail.<\/li>\n<li class=\"whitespace-normal break-words pl-2\"><strong>Bearbeitungsgeb\u00fchren:<\/strong><span> <\/span>werden im Checkout hinzugef\u00fcgt. Bitte pr\u00fcfen Sie die aktuellen Geb\u00fchren. <\/li>\n<li class=\"whitespace-normal break-words pl-2\"><strong>Nicht erstattungsf\u00e4hig:<\/strong><span> <\/span>Tickets sind von Umtausch und R\u00fcckgabe ausgeschlossen, au\u00dfer bei offizieller Absage der Veranstaltung.<\/li>\n<\/ul>\n<div class=\"woocommerce-product-details__short-description\">\n<p><a href=\"https:\/\/plazatorossevilla.com\/de\/lieferung-und-verkaufsgebuehren-der-eintrittskarten\/\">Lieferdatum der Tickets und Geb\u00fchren ansehen<\/a><\/p>\n<\/div>\n","protected":false},"featured_media":1379,"comment_status":"open","ping_status":"closed","template":"","meta":[],"product_brand":[],"product_cat":[34],"product_tag":[],"class_list":{"0":"post-2722","1":"product","2":"type-product","3":"status-publish","4":"has-post-thumbnail","6":"product_cat-unkategorisiert","8":"first","9":"instock","10":"taxable","11":"shipping-taxable","12":"purchasable","13":"product-type-variable"},"yoast_head":"<!-- This site is optimized with the Yoast SEO plugin v27.4 - https:\/\/yoast.com\/product\/yoast-seo-wordpress\/ -->\n<title>Tickets Novillada 10. Mai 2026 | La Maestranza Sevilla<\/title>\n<meta name=\"description\" content=\"Kaufen Sie Tickets f\u00fcr die Novillada am 10. Mai 2026 in der Stierkampfarena Sevilla | Carlos Tirado, Mario Vilau und Julio M\u00e9ndez\" \/>\n<meta name=\"robots\" content=\"index, follow, max-snippet:-1, max-image-preview:large, max-video-preview:-1\" \/>\n<link rel=\"canonical\" href=\"https:\/\/plazatorossevilla.com\/de\/producto\/novillada-10-mai\/\" \/>\n<meta property=\"og:locale\" content=\"de_DE\" \/>\n<meta property=\"og:type\" content=\"article\" \/>\n<meta property=\"og:title\" content=\"Tickets Novillada 10. Mai 2026 | La Maestranza Sevilla\" \/>\n<meta property=\"og:description\" content=\"Kaufen Sie Tickets f\u00fcr die Novillada am 10. Mai 2026 in der Stierkampfarena Sevilla | Carlos Tirado, Mario Vilau und Julio M\u00e9ndez\" \/>\n<meta property=\"og:url\" content=\"https:\/\/plazatorossevilla.com\/de\/producto\/novillada-10-mai\/\" \/>\n<meta property=\"og:site_name\" content=\"Plaza Toros Sevilla\" \/>\n<meta property=\"og:image\" content=\"https:\/\/plazatorossevilla.com\/wp-content\/uploads\/2026\/04\/Novillada-10-de-mayo.webp\" \/>\n\t<meta property=\"og:image:width\" content=\"500\" \/>\n\t<meta property=\"og:image:height\" content=\"500\" \/>\n\t<meta property=\"og:image:type\" content=\"image\/webp\" \/>\n<meta name=\"twitter:card\" content=\"summary_large_image\" \/>\n<script type=\"application\/ld+json\" class=\"yoast-schema-graph\">{\"@context\":\"https:\\\/\\\/schema.org\",\"@graph\":[{\"@type\":\"WebPage\",\"@id\":\"https:\\\/\\\/plazatorossevilla.com\\\/de\\\/producto\\\/novillada-10-mai\\\/\",\"url\":\"https:\\\/\\\/plazatorossevilla.com\\\/de\\\/producto\\\/novillada-10-mai\\\/\",\"name\":\"Tickets Novillada 10. Mai 2026 | La Maestranza Sevilla\",\"isPartOf\":{\"@id\":\"https:\\\/\\\/plazatorossevilla.com\\\/de\\\/#website\"},\"primaryImageOfPage\":{\"@id\":\"https:\\\/\\\/plazatorossevilla.com\\\/de\\\/producto\\\/novillada-10-mai\\\/#primaryimage\"},\"image\":{\"@id\":\"https:\\\/\\\/plazatorossevilla.com\\\/de\\\/producto\\\/novillada-10-mai\\\/#primaryimage\"},\"thumbnailUrl\":\"https:\\\/\\\/plazatorossevilla.com\\\/wp-content\\\/uploads\\\/2026\\\/04\\\/Novillada-10-de-mayo.webp\",\"datePublished\":\"2026-04-13T13:29:03+00:00\",\"description\":\"Kaufen Sie Tickets f\u00fcr die Novillada am 10. Mai 2026 in der Stierkampfarena Sevilla | Carlos Tirado, Mario Vilau und Julio M\u00e9ndez\",\"breadcrumb\":{\"@id\":\"https:\\\/\\\/plazatorossevilla.com\\\/de\\\/producto\\\/novillada-10-mai\\\/#breadcrumb\"},\"inLanguage\":\"de\",\"potentialAction\":[{\"@type\":\"ReadAction\",\"target\":[\"https:\\\/\\\/plazatorossevilla.com\\\/de\\\/producto\\\/novillada-10-mai\\\/\"]}]},{\"@type\":\"ImageObject\",\"inLanguage\":\"de\",\"@id\":\"https:\\\/\\\/plazatorossevilla.com\\\/de\\\/producto\\\/novillada-10-mai\\\/#primaryimage\",\"url\":\"https:\\\/\\\/plazatorossevilla.com\\\/wp-content\\\/uploads\\\/2026\\\/04\\\/Novillada-10-de-mayo.webp\",\"contentUrl\":\"https:\\\/\\\/plazatorossevilla.com\\\/wp-content\\\/uploads\\\/2026\\\/04\\\/Novillada-10-de-mayo.webp\",\"width\":500,\"height\":500,\"caption\":\"Novillada 10 de mayo sevilla\"},{\"@type\":\"BreadcrumbList\",\"@id\":\"https:\\\/\\\/plazatorossevilla.com\\\/de\\\/producto\\\/novillada-10-mai\\\/#breadcrumb\",\"itemListElement\":[{\"@type\":\"ListItem\",\"position\":1,\"name\":\"Portada\",\"item\":\"https:\\\/\\\/plazatorossevilla.com\\\/de\\\/startseite\\\/\"},{\"@type\":\"ListItem\",\"position\":2,\"name\":\"Shop\",\"item\":\"https:\\\/\\\/plazatorossevilla.com\\\/de\\\/shop\\\/\"},{\"@type\":\"ListItem\",\"position\":3,\"name\":\"Novillada 10. Mai\"}]},{\"@type\":\"WebSite\",\"@id\":\"https:\\\/\\\/plazatorossevilla.com\\\/de\\\/#website\",\"url\":\"https:\\\/\\\/plazatorossevilla.com\\\/de\\\/\",\"name\":\"Plaza Toros Sevilla\",\"description\":\"\",\"publisher\":{\"@id\":\"https:\\\/\\\/plazatorossevilla.com\\\/de\\\/#organization\"},\"potentialAction\":[{\"@type\":\"SearchAction\",\"target\":{\"@type\":\"EntryPoint\",\"urlTemplate\":\"https:\\\/\\\/plazatorossevilla.com\\\/de\\\/?s={search_term_string}\"},\"query-input\":{\"@type\":\"PropertyValueSpecification\",\"valueRequired\":true,\"valueName\":\"search_term_string\"}}],\"inLanguage\":\"de\"},{\"@type\":\"Organization\",\"@id\":\"https:\\\/\\\/plazatorossevilla.com\\\/de\\\/#organization\",\"name\":\"Plaza Toros Sevilla\",\"url\":\"https:\\\/\\\/plazatorossevilla.com\\\/de\\\/\",\"logo\":{\"@type\":\"ImageObject\",\"inLanguage\":\"de\",\"@id\":\"https:\\\/\\\/plazatorossevilla.com\\\/de\\\/#\\\/schema\\\/logo\\\/image\\\/\",\"url\":\"https:\\\/\\\/plazatorossevilla.com\\\/wp-content\\\/uploads\\\/2026\\\/03\\\/Logo-plaza-toros-sevilla.webp\",\"contentUrl\":\"https:\\\/\\\/plazatorossevilla.com\\\/wp-content\\\/uploads\\\/2026\\\/03\\\/Logo-plaza-toros-sevilla.webp\",\"width\":286,\"height\":200,\"caption\":\"Plaza Toros Sevilla\"},\"image\":{\"@id\":\"https:\\\/\\\/plazatorossevilla.com\\\/de\\\/#\\\/schema\\\/logo\\\/image\\\/\"}}]}<\/script>\n<!-- \/ Yoast SEO plugin. -->","yoast_head_json":{"title":"Tickets Novillada 10. Mai 2026 | La Maestranza Sevilla","description":"Kaufen Sie Tickets f\u00fcr die Novillada am 10. Mai 2026 in der Stierkampfarena Sevilla | Carlos Tirado, Mario Vilau und Julio M\u00e9ndez","robots":{"index":"index","follow":"follow","max-snippet":"max-snippet:-1","max-image-preview":"max-image-preview:large","max-video-preview":"max-video-preview:-1"},"canonical":"https:\/\/plazatorossevilla.com\/de\/producto\/novillada-10-mai\/","og_locale":"de_DE","og_type":"article","og_title":"Tickets Novillada 10. Mai 2026 | La Maestranza Sevilla","og_description":"Kaufen Sie Tickets f\u00fcr die Novillada am 10. Mai 2026 in der Stierkampfarena Sevilla | Carlos Tirado, Mario Vilau und Julio M\u00e9ndez","og_url":"https:\/\/plazatorossevilla.com\/de\/producto\/novillada-10-mai\/","og_site_name":"Plaza Toros Sevilla","og_image":[{"width":500,"height":500,"url":"https:\/\/plazatorossevilla.com\/wp-content\/uploads\/2026\/04\/Novillada-10-de-mayo.webp","type":"image\/webp"}],"twitter_card":"summary_large_image","schema":{"@context":"https:\/\/schema.org","@graph":[{"@type":"WebPage","@id":"https:\/\/plazatorossevilla.com\/de\/producto\/novillada-10-mai\/","url":"https:\/\/plazatorossevilla.com\/de\/producto\/novillada-10-mai\/","name":"Tickets Novillada 10. Mai 2026 | La Maestranza Sevilla","isPartOf":{"@id":"https:\/\/plazatorossevilla.com\/de\/#website"},"primaryImageOfPage":{"@id":"https:\/\/plazatorossevilla.com\/de\/producto\/novillada-10-mai\/#primaryimage"},"image":{"@id":"https:\/\/plazatorossevilla.com\/de\/producto\/novillada-10-mai\/#primaryimage"},"thumbnailUrl":"https:\/\/plazatorossevilla.com\/wp-content\/uploads\/2026\/04\/Novillada-10-de-mayo.webp","datePublished":"2026-04-13T13:29:03+00:00","description":"Kaufen Sie Tickets f\u00fcr die Novillada am 10. Mai 2026 in der Stierkampfarena Sevilla | Carlos Tirado, Mario Vilau und Julio M\u00e9ndez","breadcrumb":{"@id":"https:\/\/plazatorossevilla.com\/de\/producto\/novillada-10-mai\/#breadcrumb"},"inLanguage":"de","potentialAction":[{"@type":"ReadAction","target":["https:\/\/plazatorossevilla.com\/de\/producto\/novillada-10-mai\/"]}]},{"@type":"ImageObject","inLanguage":"de","@id":"https:\/\/plazatorossevilla.com\/de\/producto\/novillada-10-mai\/#primaryimage","url":"https:\/\/plazatorossevilla.com\/wp-content\/uploads\/2026\/04\/Novillada-10-de-mayo.webp","contentUrl":"https:\/\/plazatorossevilla.com\/wp-content\/uploads\/2026\/04\/Novillada-10-de-mayo.webp","width":500,"height":500,"caption":"Novillada 10 de mayo sevilla"},{"@type":"BreadcrumbList","@id":"https:\/\/plazatorossevilla.com\/de\/producto\/novillada-10-mai\/#breadcrumb","itemListElement":[{"@type":"ListItem","position":1,"name":"Portada","item":"https:\/\/plazatorossevilla.com\/de\/startseite\/"},{"@type":"ListItem","position":2,"name":"Shop","item":"https:\/\/plazatorossevilla.com\/de\/shop\/"},{"@type":"ListItem","position":3,"name":"Novillada 10. Mai"}]},{"@type":"WebSite","@id":"https:\/\/plazatorossevilla.com\/de\/#website","url":"https:\/\/plazatorossevilla.com\/de\/","name":"Plaza Toros Sevilla","description":"","publisher":{"@id":"https:\/\/plazatorossevilla.com\/de\/#organization"},"potentialAction":[{"@type":"SearchAction","target":{"@type":"EntryPoint","urlTemplate":"https:\/\/plazatorossevilla.com\/de\/?s={search_term_string}"},"query-input":{"@type":"PropertyValueSpecification","valueRequired":true,"valueName":"search_term_string"}}],"inLanguage":"de"},{"@type":"Organization","@id":"https:\/\/plazatorossevilla.com\/de\/#organization","name":"Plaza Toros Sevilla","url":"https:\/\/plazatorossevilla.com\/de\/","logo":{"@type":"ImageObject","inLanguage":"de","@id":"https:\/\/plazatorossevilla.com\/de\/#\/schema\/logo\/image\/","url":"https:\/\/plazatorossevilla.com\/wp-content\/uploads\/2026\/03\/Logo-plaza-toros-sevilla.webp","contentUrl":"https:\/\/plazatorossevilla.com\/wp-content\/uploads\/2026\/03\/Logo-plaza-toros-sevilla.webp","width":286,"height":200,"caption":"Plaza Toros Sevilla"},"image":{"@id":"https:\/\/plazatorossevilla.com\/de\/#\/schema\/logo\/image\/"}}]}},"_links":{"self":[{"href":"https:\/\/plazatorossevilla.com\/de\/wp-json\/wp\/v2\/product\/2722","targetHints":{"allow":["GET"]}}],"collection":[{"href":"https:\/\/plazatorossevilla.com\/de\/wp-json\/wp\/v2\/product"}],"about":[{"href":"https:\/\/plazatorossevilla.com\/de\/wp-json\/wp\/v2\/types\/product"}],"replies":[{"embeddable":true,"href":"https:\/\/plazatorossevilla.com\/de\/wp-json\/wp\/v2\/comments?post=2722"}],"wp:featuredmedia":[{"embeddable":true,"href":"https:\/\/plazatorossevilla.com\/de\/wp-json\/wp\/v2\/media\/1379"}],"wp:attachment":[{"href":"https:\/\/plazatorossevilla.com\/de\/wp-json\/wp\/v2\/media?parent=2722"}],"wp:term":[{"taxonomy":"product_brand","embeddable":true,"href":"https:\/\/plazatorossevilla.com\/de\/wp-json\/wp\/v2\/product_brand?post=2722"},{"taxonomy":"product_cat","embeddable":true,"href":"https:\/\/plazatorossevilla.com\/de\/wp-json\/wp\/v2\/product_cat?post=2722"},{"taxonomy":"product_tag","embeddable":true,"href":"https:\/\/plazatorossevilla.com\/de\/wp-json\/wp\/v2\/product_tag?post=2722"}],"curies":[{"name":"wp","href":"https:\/\/api.w.org\/{rel}","templated":true}]}}