{"id":385,"date":"2026-03-23T12:01:12","date_gmt":"2026-03-23T12:01:12","guid":{"rendered":"https:\/\/plazatorossevilla.com\/lieferung-und-verkaufsgebuehren-der-eintrittskarten\/"},"modified":"2026-03-25T16:27:25","modified_gmt":"2026-03-25T16:27:25","slug":"lieferung-und-verkaufsgebuehren-der-eintrittskarten","status":"publish","type":"page","link":"https:\/\/plazatorossevilla.com\/de\/lieferung-und-verkaufsgebuehren-der-eintrittskarten\/","title":{"rendered":"Lieferung und Verkaufsgeb\u00fchren der Eintrittskarten"},"content":{"rendered":"<section class=\"l-section wpb_row height_medium\"><div class=\"l-section-h i-cf\"><div class=\"g-cols vc_row via_grid cols_1 laptops-cols_inherit tablets-cols_inherit mobiles-cols_1 valign_top type_default stacking_default\"><div class=\"wpb_column vc_column_container\"><div class=\"vc_column-inner\"><div class=\"wpb_text_column\"><div class=\"wpb_wrapper\"><h1>Lieferdatum und Geb\u00fchren der Eintrittskarten<\/h1>\n<h3>Lieferdatum:<\/h3>\n<p>Die Eintrittskarten werden 1 Woche vor der Veranstaltung im PDF-Format an die E-Mail-Adresse gesendet. Wir empfehlen, den Spam-Ordner Ihres E-Mail-Postfachs zu \u00fcberpr\u00fcfen.<\/p>\n<h3>Verkaufsgeb\u00fchren<\/h3>\n<p>F\u00fcr die Eintrittskarten f\u00e4llt eine Verkaufsgeb\u00fchr von 10 % an, die auf der Zahlungsseite hinzugef\u00fcgt wird.<\/p>\n<h3>R\u00fcckerstattungen<\/h3>\n<div>\n<div>Der Zutritt zur Stierkampfarena und gegebenenfalls die R\u00fcckerstattung des Betrags gem\u00e4\u00df der geltenden Gesetzgebung (Art. 70 RTA) setzt voraus, dass die offizielle Eintrittskarte vollst\u00e4ndig, unversehrt und nicht manipuliert vorliegt.<\/div>\n<\/div>\n<div><\/div>\n<div>\n<div>Die Frist f\u00fcr die R\u00fcckerstattung beginnt ab dem Zeitpunkt der Bekanntgabe der Absage, Verschiebung oder \u00c4nderung und endet 4 Tage nach dem f\u00fcr die Durchf\u00fchrung der Veranstaltung festgelegten Termin oder 1 Stunde vor Beginn derselben im Falle einer \u00c4nderung (Art. 70 RTA).<\/div>\n<div><\/div>\n<div>Wird die Veranstaltung aus Gr\u00fcnden, die nicht dem Unternehmen anzulasten sind, oder wegen schlechten Wetters abgesagt, hat der Zuschauer nach dem Auslaufen des ersten Tieres in die Arena keinen Anspruch auf eine R\u00fcckerstattung (Art. 70 RTA).<\/div>\n<\/div>\n<\/div><\/div><div class=\"w-separator size_medium\"><\/div><div class=\"w-btn-wrapper align_none\"><a class=\"w-btn us-btn-style_1\" href=\"https:\/\/plazatorossevilla.com\/entradas-corridas-de-toros\/\"><span class=\"w-btn-label\">Eintrittskarten kaufen<\/span><\/a><\/div><\/div><\/div><\/div><\/div><\/section>\n","protected":false},"excerpt":{"rendered":"Lieferdatum und Geb\u00fchren der Eintrittskarten Lieferdatum: Die Eintrittskarten werden 1 Woche vor der Veranstaltung im PDF-Format an die E-Mail-Adresse gesendet. Wir empfehlen, den Spam-Ordner Ihres E-Mail-Postfachs zu \u00fcberpr\u00fcfen. Verkaufsgeb\u00fchren F\u00fcr die Eintrittskarten f\u00e4llt eine Verkaufsgeb\u00fchr von 10 % an, die auf der Zahlungsseite hinzugef\u00fcgt wird. R\u00fcckerstattungen Der Zutritt zur Stierkampfarena und gegebenenfalls die R\u00fcckerstattung des...","protected":false},"author":2,"featured_media":0,"parent":0,"menu_order":0,"comment_status":"closed","ping_status":"closed","template":"","meta":{"footnotes":""},"class_list":["post-385","page","type-page","status-publish","hentry"],"yoast_head":"<!-- This site is optimized with the Yoast SEO plugin v27.4 - https:\/\/yoast.com\/product\/yoast-seo-wordpress\/ -->\n<title>Lieferdatum und Geb\u00fchren der Eintrittskarten | La Maestrannza<\/title>\n<meta name=\"description\" content=\"Informieren Sie sich \u00fcber die Liefertermine der Eintrittskarten f\u00fcr die Stierk\u00e4mpfe in Sevilla sowie \u00fcber die in der Stierkampfkarte enthaltenen Geb\u00fchren\" \/>\n<meta name=\"robots\" content=\"index, follow, max-snippet:-1, max-image-preview:large, max-video-preview:-1\" \/>\n<link rel=\"canonical\" href=\"https:\/\/plazatorossevilla.com\/de\/lieferung-und-verkaufsgebuehren-der-eintrittskarten\/\" \/>\n<meta property=\"og:locale\" content=\"de_DE\" \/>\n<meta property=\"og:type\" content=\"article\" \/>\n<meta property=\"og:title\" content=\"Lieferdatum und Geb\u00fchren der Eintrittskarten | La Maestrannza\" \/>\n<meta property=\"og:description\" content=\"Informieren Sie sich \u00fcber die Liefertermine der Eintrittskarten f\u00fcr die Stierk\u00e4mpfe in Sevilla sowie \u00fcber die in der Stierkampfkarte enthaltenen Geb\u00fchren\" \/>\n<meta property=\"og:url\" content=\"https:\/\/plazatorossevilla.com\/de\/lieferung-und-verkaufsgebuehren-der-eintrittskarten\/\" \/>\n<meta property=\"og:site_name\" content=\"Plaza Toros Sevilla\" \/>\n<meta property=\"article:modified_time\" content=\"2026-03-25T16:27:25+00:00\" \/>\n<meta name=\"twitter:card\" content=\"summary_large_image\" \/>\n<meta name=\"twitter:label1\" content=\"Gesch\u00e4tzte Lesezeit\" \/>\n\t<meta name=\"twitter:data1\" content=\"1\u00a0Minute\" \/>\n<script type=\"application\/ld+json\" class=\"yoast-schema-graph\">{\"@context\":\"https:\\\/\\\/schema.org\",\"@graph\":[{\"@type\":\"WebPage\",\"@id\":\"https:\\\/\\\/plazatorossevilla.com\\\/de\\\/lieferung-und-verkaufsgebuehren-der-eintrittskarten\\\/\",\"url\":\"https:\\\/\\\/plazatorossevilla.com\\\/de\\\/lieferung-und-verkaufsgebuehren-der-eintrittskarten\\\/\",\"name\":\"Lieferdatum und Geb\u00fchren der Eintrittskarten | La Maestrannza\",\"isPartOf\":{\"@id\":\"https:\\\/\\\/plazatorossevilla.com\\\/de\\\/#website\"},\"datePublished\":\"2026-03-23T12:01:12+00:00\",\"dateModified\":\"2026-03-25T16:27:25+00:00\",\"description\":\"Informieren Sie sich \u00fcber die Liefertermine der Eintrittskarten f\u00fcr die Stierk\u00e4mpfe in Sevilla sowie \u00fcber die in der Stierkampfkarte enthaltenen Geb\u00fchren\",\"breadcrumb\":{\"@id\":\"https:\\\/\\\/plazatorossevilla.com\\\/de\\\/lieferung-und-verkaufsgebuehren-der-eintrittskarten\\\/#breadcrumb\"},\"inLanguage\":\"de\",\"potentialAction\":[{\"@type\":\"ReadAction\",\"target\":[\"https:\\\/\\\/plazatorossevilla.com\\\/de\\\/lieferung-und-verkaufsgebuehren-der-eintrittskarten\\\/\"]}]},{\"@type\":\"BreadcrumbList\",\"@id\":\"https:\\\/\\\/plazatorossevilla.com\\\/de\\\/lieferung-und-verkaufsgebuehren-der-eintrittskarten\\\/#breadcrumb\",\"itemListElement\":[{\"@type\":\"ListItem\",\"position\":1,\"name\":\"Portada\",\"item\":\"https:\\\/\\\/plazatorossevilla.com\\\/de\\\/startseite\\\/\"},{\"@type\":\"ListItem\",\"position\":2,\"name\":\"Lieferung und Verkaufsgeb\u00fchren der Eintrittskarten\"}]},{\"@type\":\"WebSite\",\"@id\":\"https:\\\/\\\/plazatorossevilla.com\\\/de\\\/#website\",\"url\":\"https:\\\/\\\/plazatorossevilla.com\\\/de\\\/\",\"name\":\"Plaza Toros Sevilla\",\"description\":\"\",\"publisher\":{\"@id\":\"https:\\\/\\\/plazatorossevilla.com\\\/de\\\/#organization\"},\"potentialAction\":[{\"@type\":\"SearchAction\",\"target\":{\"@type\":\"EntryPoint\",\"urlTemplate\":\"https:\\\/\\\/plazatorossevilla.com\\\/de\\\/?s={search_term_string}\"},\"query-input\":{\"@type\":\"PropertyValueSpecification\",\"valueRequired\":true,\"valueName\":\"search_term_string\"}}],\"inLanguage\":\"de\"},{\"@type\":\"Organization\",\"@id\":\"https:\\\/\\\/plazatorossevilla.com\\\/de\\\/#organization\",\"name\":\"Plaza Toros Sevilla\",\"url\":\"https:\\\/\\\/plazatorossevilla.com\\\/de\\\/\",\"logo\":{\"@type\":\"ImageObject\",\"inLanguage\":\"de\",\"@id\":\"https:\\\/\\\/plazatorossevilla.com\\\/de\\\/#\\\/schema\\\/logo\\\/image\\\/\",\"url\":\"https:\\\/\\\/plazatorossevilla.com\\\/wp-content\\\/uploads\\\/2026\\\/03\\\/Logo-plaza-toros-sevilla.webp\",\"contentUrl\":\"https:\\\/\\\/plazatorossevilla.com\\\/wp-content\\\/uploads\\\/2026\\\/03\\\/Logo-plaza-toros-sevilla.webp\",\"width\":286,\"height\":200,\"caption\":\"Plaza Toros Sevilla\"},\"image\":{\"@id\":\"https:\\\/\\\/plazatorossevilla.com\\\/de\\\/#\\\/schema\\\/logo\\\/image\\\/\"}}]}<\/script>\n<!-- \/ Yoast SEO plugin. -->","yoast_head_json":{"title":"Lieferdatum und Geb\u00fchren der Eintrittskarten | La Maestrannza","description":"Informieren Sie sich \u00fcber die Liefertermine der Eintrittskarten f\u00fcr die Stierk\u00e4mpfe in Sevilla sowie \u00fcber die in der Stierkampfkarte enthaltenen Geb\u00fchren","robots":{"index":"index","follow":"follow","max-snippet":"max-snippet:-1","max-image-preview":"max-image-preview:large","max-video-preview":"max-video-preview:-1"},"canonical":"https:\/\/plazatorossevilla.com\/de\/lieferung-und-verkaufsgebuehren-der-eintrittskarten\/","og_locale":"de_DE","og_type":"article","og_title":"Lieferdatum und Geb\u00fchren der Eintrittskarten | La Maestrannza","og_description":"Informieren Sie sich \u00fcber die Liefertermine der Eintrittskarten f\u00fcr die Stierk\u00e4mpfe in Sevilla sowie \u00fcber die in der Stierkampfkarte enthaltenen Geb\u00fchren","og_url":"https:\/\/plazatorossevilla.com\/de\/lieferung-und-verkaufsgebuehren-der-eintrittskarten\/","og_site_name":"Plaza Toros Sevilla","article_modified_time":"2026-03-25T16:27:25+00:00","twitter_card":"summary_large_image","twitter_misc":{"Gesch\u00e4tzte Lesezeit":"1\u00a0Minute"},"schema":{"@context":"https:\/\/schema.org","@graph":[{"@type":"WebPage","@id":"https:\/\/plazatorossevilla.com\/de\/lieferung-und-verkaufsgebuehren-der-eintrittskarten\/","url":"https:\/\/plazatorossevilla.com\/de\/lieferung-und-verkaufsgebuehren-der-eintrittskarten\/","name":"Lieferdatum und Geb\u00fchren der Eintrittskarten | La Maestrannza","isPartOf":{"@id":"https:\/\/plazatorossevilla.com\/de\/#website"},"datePublished":"2026-03-23T12:01:12+00:00","dateModified":"2026-03-25T16:27:25+00:00","description":"Informieren Sie sich \u00fcber die Liefertermine der Eintrittskarten f\u00fcr die Stierk\u00e4mpfe in Sevilla sowie \u00fcber die in der Stierkampfkarte enthaltenen Geb\u00fchren","breadcrumb":{"@id":"https:\/\/plazatorossevilla.com\/de\/lieferung-und-verkaufsgebuehren-der-eintrittskarten\/#breadcrumb"},"inLanguage":"de","potentialAction":[{"@type":"ReadAction","target":["https:\/\/plazatorossevilla.com\/de\/lieferung-und-verkaufsgebuehren-der-eintrittskarten\/"]}]},{"@type":"BreadcrumbList","@id":"https:\/\/plazatorossevilla.com\/de\/lieferung-und-verkaufsgebuehren-der-eintrittskarten\/#breadcrumb","itemListElement":[{"@type":"ListItem","position":1,"name":"Portada","item":"https:\/\/plazatorossevilla.com\/de\/startseite\/"},{"@type":"ListItem","position":2,"name":"Lieferung und Verkaufsgeb\u00fchren der Eintrittskarten"}]},{"@type":"WebSite","@id":"https:\/\/plazatorossevilla.com\/de\/#website","url":"https:\/\/plazatorossevilla.com\/de\/","name":"Plaza Toros Sevilla","description":"","publisher":{"@id":"https:\/\/plazatorossevilla.com\/de\/#organization"},"potentialAction":[{"@type":"SearchAction","target":{"@type":"EntryPoint","urlTemplate":"https:\/\/plazatorossevilla.com\/de\/?s={search_term_string}"},"query-input":{"@type":"PropertyValueSpecification","valueRequired":true,"valueName":"search_term_string"}}],"inLanguage":"de"},{"@type":"Organization","@id":"https:\/\/plazatorossevilla.com\/de\/#organization","name":"Plaza Toros Sevilla","url":"https:\/\/plazatorossevilla.com\/de\/","logo":{"@type":"ImageObject","inLanguage":"de","@id":"https:\/\/plazatorossevilla.com\/de\/#\/schema\/logo\/image\/","url":"https:\/\/plazatorossevilla.com\/wp-content\/uploads\/2026\/03\/Logo-plaza-toros-sevilla.webp","contentUrl":"https:\/\/plazatorossevilla.com\/wp-content\/uploads\/2026\/03\/Logo-plaza-toros-sevilla.webp","width":286,"height":200,"caption":"Plaza Toros Sevilla"},"image":{"@id":"https:\/\/plazatorossevilla.com\/de\/#\/schema\/logo\/image\/"}}]}},"_links":{"self":[{"href":"https:\/\/plazatorossevilla.com\/de\/wp-json\/wp\/v2\/pages\/385","targetHints":{"allow":["GET"]}}],"collection":[{"href":"https:\/\/plazatorossevilla.com\/de\/wp-json\/wp\/v2\/pages"}],"about":[{"href":"https:\/\/plazatorossevilla.com\/de\/wp-json\/wp\/v2\/types\/page"}],"author":[{"embeddable":true,"href":"https:\/\/plazatorossevilla.com\/de\/wp-json\/wp\/v2\/users\/2"}],"replies":[{"embeddable":true,"href":"https:\/\/plazatorossevilla.com\/de\/wp-json\/wp\/v2\/comments?post=385"}],"version-history":[{"count":2,"href":"https:\/\/plazatorossevilla.com\/de\/wp-json\/wp\/v2\/pages\/385\/revisions"}],"predecessor-version":[{"id":387,"href":"https:\/\/plazatorossevilla.com\/de\/wp-json\/wp\/v2\/pages\/385\/revisions\/387"}],"wp:attachment":[{"href":"https:\/\/plazatorossevilla.com\/de\/wp-json\/wp\/v2\/media?parent=385"}],"curies":[{"name":"wp","href":"https:\/\/api.w.org\/{rel}","templated":true}]}}